{"id":64724,"date":"2025-10-03T07:46:04","date_gmt":"2025-10-03T14:46:04","guid":{"rendered":"https:\/\/www.powerscreentx.com\/?page_id=64724"},"modified":"2025-10-03T07:46:04","modified_gmt":"2025-10-03T14:46:04","slug":"estaciones-de-picking","status":"publish","type":"page","link":"https:\/\/www.powerscreentx.com\/es\/usado\/estaciones-de-picking\/","title":{"rendered":"Estaciones de picking"},"content":{"rendered":"\n\n<div class=\"container\">\n\n    <div class=\"block-header-container\">\n\n                    <h2 class=\"block-header text-center \">Soluciones para estaciones de picking<\/h2>\n                            <div class=\"written block-text lg:text-lg\">La estaci\u00f3n de picking MGL representa una tecnolog\u00eda de vanguardia dise\u00f1ada para mejorar los procesos de picking en almacenes y centros de distribuci\u00f3n. Utilizando funciones avanzadas como brazos rob\u00f3ticos, sistemas de visi\u00f3n y transportadores automatizados, esta m\u00e1quina recoge con rapidez y precisi\u00f3n art\u00edculos de pal\u00e9s, estanter\u00edas y diversas ubicaciones de almacenamiento. <\/div>\n        \n\n    <\/div>\n\n\n    \n<form class=\"sort-wrapper container\" name=\"ps-sortform\" action=\"#\" method=\"get\">\n        <div class=\"filters\">\n                            <select class=\"dynamic-sort\" name=\"brand filter-select\" id=\"brand\">\n                     <option value=\"default\" disabled selected>Marca<\/option>\n                   <option value=\"mgl\">MGL<\/option>                <\/select>\n            \n            \n                <select class=\"dynamic-sort\" name=\"category filter-select\" id=\"category\">\n\n                    <option value=\"default\" disabled selected>Categor\u00eda<\/option>\n                                                                        <option value=\"planta-de-lavado\">Planta de lavado<\/option>\n                                                                                                <option value=\"estaciones-de-picking\">Estaciones de picking<\/option>\n                                                            <\/select>\n\n            \n                    <\/div>\n\n                \n        <p class=\"product-count flex items-center\">1 Productos<\/p>\n        \n        <div class=\"sort-by\">\n            <select class=\"dynamic-sort\" name=\"sortby\" id=\"sorter\">\n                                                                                        <option value=\"default\" disabled selected>Ordenar por<\/option>\n                                                                                                                                    <option value=\"machine-weight\">Machine Weight<\/option>\n                                                                                                                                    <option value=\"title-asc\">Name (A-Z)<\/option>\n                                                                                                                                    <option value=\"title-desc\">Name (Z-A)<\/option>\n                                                                        <\/select>\n        <\/div>\n                <input type=\"hidden\" name=\"sorter\" value=\"submit\">\n    <\/form>\n<div class=\"container ranges-single\">\n\n    \n            <div class=\"product-card\">\n                <div class=\"product-card-inner\">\n                                        <div class=\"pc-image\" style=\"background-image:url(https:\/\/www.powerscreentx.com\/wp-content\/uploads\/2023\/02\/MGL-4-Bay-Picking-Station-Render.png)\"><\/div>\n                    <h3>MGL ESTACI\u00d3N DE PICKING DE 4 BAH\u00cdAS<\/h3>\n                    <div class=\"pc-tag_wrapper\">\n                        <div class=\"pc-tag\">Planta de lavado<\/div><div class=\"pc-tag\">Estaciones de picking<\/div>                    <\/div>\n                    <div class=\"pc-shortdesc\">\n                        La estaci\u00f3n de recogida de 4 bah\u00edas MGL es una soluci\u00f3n muy eficaz dise\u00f1ada para operaciones de&#8230;                    <\/div>\n                <\/div>\n                <div class=\"product-card-links\">\n                    <a href=\"https:\/\/www.powerscreentx.com\/es\/powerscreenproduct\/mgl-estacion-de-picking-de-4-bahias\/\" class=\"text-black underline uppercase font-quicksand hover:text-teal\">\n                        Ver detalles del modelo                    <\/a>\n                                        <button class=\"pc-button pc-button-secondary\">\n                        <div onclick=\"quotepopup('MGL ESTACI\u00d3N DE PICKING DE 4 BAH\u00cdAS')\">\n                            Solicitar una cotizaci\u00f3n                        <\/div>\n                    <\/button>\n                <\/div>\n            <\/div>\n    <\/div>\n\n    \n<style>\n    .pagination {\n    display: flex;\n    flex-direction: row;\n    align-items: center;\n    justify-content: center;\n    margin-bottom: 45px;\n}\n\n.page-numbers {\n    padding: 5px;\n    margin: 0 5px;\n    width: 30px;\n    background: red;\n    height: 30px;\n    display: flex;\n    justify-content: center;\n    align-items: center;\n    border: 2px solid red;\n    border-radius: 5px;\n    color: white;\n}\n\n.page-numbers.current {\n    background-color: transparent;\n    color: black;\n}\n<\/style><\/div>\n\n\n<section id=\"two-col-block_eb7dc539a4c1de546aa694169100fdda\" class=\"two-col-block py-0 ccolumn-bg bg-primary margin-top-20 margin-bottom-20\">\n    \n    <div class=\"two-col-container                                  \">\n        <div class=\"grid grid-cols-1 mb-5 lg:grid-cols-2 lg:mb-0\" style=\"background-color:                                                                                           transparent;\">\n            \n                <div class=\"two-col-column-1                                             two-col-order-1\">\n                                            <img decoding=\"async\" class=\"two-col-image\" src=\"https:\/\/www.powerscreentx.com\/wp-content\/uploads\/2023\/02\/recyclingphotos080-1-1024x768-2.jpg\" alt=\"MGL Engineering 4 Bay Picking Station with people working\"\/>\n                    \n\n\n                   \n\n\n                   \n\n\n                <\/div>\n\n\n\n                <div class=\"two-col-column-2                                             two-col-order-2\">\n                    <div class=\"two-col-padding-right\" style=\"padding-top:15px;padding-bottom:15px;\">\n\n                                                    <h2 class=\"two-col-headingtext-white\">Dedicados a Encontrar la Soluci\u00f3n Ideal<\/h2>\n                        \n                        \n                                                            <div class=\"two-col-text writtentext-grey-400\"><p style=\"font-weight: 400;\">Con una amplia experiencia en el sector y conocimiento de una gran variedad de opciones de maquinaria, nuestro equipo se compromete a trabajar contigo para alcanzar tus objetivos. Nos esforzamos por recomendarte la mejor soluci\u00f3n que se ajuste a tu presupuesto y te ayude a alcanzar tus objetivos. <\/p>\n<\/div>\n                            \n                                                                                                <a class=\"button-primary button-col-primary\" href=\"https:\/\/www.powerscreentx.com\/es\/categorias\/trituradoras-de-mandibulas\/\">M\u00e1s informaci\u00f3n<\/a>\n                                                            \n                                            <\/div>\n                <\/div>\n\n\n                    <\/div>\n    <\/div>\n<\/section>\n\n\n<section id=\"two-col-block_cecbfb74a39d6d405f38b8734b87aaaf\" class=\"two-col-block py-12 lg:py-24 bg-transparent margin-top-20 margin-bottom-20\">\n    \n    <div class=\"two-col-container                                  container\">\n        <div class=\"grid grid-cols-1 mb-5 lg:grid-cols-2 lg:mb-0\" style=\"background-color:                                                                                           transparent;\">\n            \n                <div class=\"two-col-column-1                                             two-col-order-2\">\n                                            <img decoding=\"async\" class=\"two-col-image\" src=\"https:\/\/www.powerscreentx.com\/wp-content\/uploads\/2023\/02\/product-images_0000s_0001_PPS2BAY627-4.png\" alt=\"MGL Engineering 4 Bay picking station render\"\/>\n                    \n\n\n                   \n\n\n                   \n\n\n                <\/div>\n\n\n\n                <div class=\"two-col-column-2                                             two-col-order-1\">\n                    <div class=\"two-col-padding-left\" style=\"padding-top:15px;padding-bottom:15px;\">\n\n                                                    <h2 class=\"two-col-headingtext-primary\">Comprometidos con la soluci\u00f3n adecuada<\/h2>\n                        \n                        \n                                                            <div class=\"two-col-text writtentext-grey\"><p style=\"font-weight: 400;\">Con una amplia experiencia en el sector y conocimiento de una gran variedad de opciones de maquinaria, nuestro equipo se compromete a trabajar contigo para alcanzar tus objetivos. Nos esforzamos por recomendarte la mejor soluci\u00f3n que se ajuste a tu presupuesto y te ayude a alcanzar tus objetivos. <\/p>\n<\/div>\n                            \n                                                                                                <a class=\"button-primary button-col-primary\" href=\"https:\/\/www.powerscreentx.com\/es\/contacte-con-nosotros\/\">Contacte con nosotros<\/a>\n                                                            \n                                            <\/div>\n                <\/div>\n\n\n                    <\/div>\n    <\/div>\n<\/section>\n\n\n<section id=\"two-col-block_c915b5449134ec37b9fec795305f17ec\" class=\"two-col-block py-0 bg-transparent margin-top-20 margin-bottom-20\">\n    \n<div class=\"block-header-container\">\n            <h1 class=\"block-header text-center \">c\u00f3mo podemos ayudarte<\/h1>\n    \n                    <div class=\"written block-text lg:text-lg\"><p style=\"font-weight: 400;\">Ofrecemos una variada selecci\u00f3n de opciones de equipamiento y amplios servicios de asistencia destinados a ayudar a nuestros clientes a alcanzar sus objetivos de producci\u00f3n de forma eficaz y asequible.<\/p>\n<\/div>\n    \n    <\/div>\n    <div class=\"two-col-container                                  container\">\n        <div class=\"grid grid-cols-1 mb-5 lg:grid-cols-2 lg:mb-0\" style=\"background-color:                                                                                           transparent;\">\n                    \n    <div class=\"custom-call-to-action-outer has-background-image\" style=\"background-image: url(https:\/\/www.powerscreentx.com\/wp-content\/uploads\/2024\/09\/recyclingphotos080-1-1024x768-1-2-600x450.jpg)\">\n    \n        <div class=\"custom-call-to-action\" >\n                            <h3 class=\"cta-heading\">Equipos usados<\/h3>\n                            <p class=\"cta-text\">Si no desea adquirir una m\u00e1quina nueva, nuestro equipo de expertos en equipos usados dispone de una gama de opciones de maquinaria usada que puede considerar.<\/p>\n            \n\n                        \n\n                                                                                            <a class=\"cta-button\" href=\"https:\/\/www.powerscreentx.com\/es\/usado\/\">Ver Stock Usado<\/a>\n                                                             \n\n\n\n        <\/div>\n\n    <\/div>\n        \n    <div class=\"custom-call-to-action-outer has-background-image\" style=\"background-image: url(https:\/\/www.powerscreentx.com\/wp-content\/uploads\/2023\/02\/Aftercare-2-600x402.png)\">\n    \n        <div class=\"custom-call-to-action\" >\n                            <h3 class=\"cta-heading\">Piezas y servicio<\/h3>\n                            <p class=\"cta-text\">Powerscreen Texas ofrece piezas fiables y servicio posventa para optimizar el rendimiento de tu maquinaria y maximizar el tiempo de actividad y la rentabilidad.<\/p>\n            \n\n                        \n\n                                                                                            <a class=\"cta-button\" href=\"https:\/\/www.powerscreentx.com\/es\/cuidado-posterior\/\">M\u00e1s informaci\u00f3n<\/a>\n                                                             \n\n\n\n        <\/div>\n\n    <\/div>\n        <\/div>\n    <\/div>\n<\/section>\n\n\n<div style=\"height:50px\" aria-hidden=\"true\" class=\"wp-block-spacer\"><\/div>\n","protected":false},"excerpt":{"rendered":"","protected":false},"author":7,"featured_media":0,"parent":62542,"menu_order":0,"comment_status":"closed","ping_status":"closed","template":"","meta":{"_acf_changed":false,"footnotes":""},"class_list":["post-64724","page","type-page","status-publish","hentry"],"acf":[],"yoast_head":"<!-- This site is optimized with the Yoast SEO plugin v27.6 - https:\/\/yoast.com\/product\/yoast-seo-wordpress\/ -->\n<title>Soluciones para estaciones de picking | Powerscreen of Texas<\/title>\n<meta name=\"description\" content=\"La estaci\u00f3n de picking MGL es una m\u00e1quina de \u00faltima generaci\u00f3n dise\u00f1ada para ayudar a agilizar el proceso de picking en almacenes y centros de distribuci\u00f3n.\" \/>\n<meta name=\"robots\" content=\"index, follow, max-snippet:-1, max-image-preview:large, max-video-preview:-1\" \/>\n<link rel=\"canonical\" href=\"https:\/\/www.powerscreentx.com\/es\/usado\/estaciones-de-picking\/\" \/>\n<meta property=\"og:locale\" content=\"es_ES\" \/>\n<meta property=\"og:type\" content=\"article\" \/>\n<meta property=\"og:title\" content=\"Soluciones para estaciones de picking | Powerscreen of Texas\" \/>\n<meta property=\"og:description\" content=\"La estaci\u00f3n de picking MGL es una m\u00e1quina de \u00faltima generaci\u00f3n dise\u00f1ada para ayudar a agilizar el proceso de picking en almacenes y centros de distribuci\u00f3n.\" \/>\n<meta property=\"og:url\" content=\"https:\/\/www.powerscreentx.com\/es\/usado\/estaciones-de-picking\/\" \/>\n<meta property=\"og:site_name\" content=\"Powerscreen Texas\" \/>\n<meta name=\"twitter:card\" content=\"summary_large_image\" \/>\n<script type=\"application\/ld+json\" class=\"yoast-schema-graph\">{\"@context\":\"https:\\\/\\\/schema.org\",\"@graph\":[{\"@type\":\"WebPage\",\"@id\":\"https:\\\/\\\/www.powerscreentx.com\\\/es\\\/usado\\\/estaciones-de-picking\\\/\",\"url\":\"https:\\\/\\\/www.powerscreentx.com\\\/es\\\/usado\\\/estaciones-de-picking\\\/\",\"name\":\"Soluciones para estaciones de picking | Powerscreen of Texas\",\"isPartOf\":{\"@id\":\"https:\\\/\\\/www.powerscreentx.com\\\/es\\\/#website\"},\"datePublished\":\"2025-10-03T14:46:04+00:00\",\"description\":\"La estaci\u00f3n de picking MGL es una m\u00e1quina de \u00faltima generaci\u00f3n dise\u00f1ada para ayudar a agilizar el proceso de picking en almacenes y centros de distribuci\u00f3n.\",\"breadcrumb\":{\"@id\":\"https:\\\/\\\/www.powerscreentx.com\\\/es\\\/usado\\\/estaciones-de-picking\\\/#breadcrumb\"},\"inLanguage\":\"es\",\"potentialAction\":[{\"@type\":\"ReadAction\",\"target\":[\"https:\\\/\\\/www.powerscreentx.com\\\/es\\\/usado\\\/estaciones-de-picking\\\/\"]}]},{\"@type\":\"BreadcrumbList\",\"@id\":\"https:\\\/\\\/www.powerscreentx.com\\\/es\\\/usado\\\/estaciones-de-picking\\\/#breadcrumb\",\"itemListElement\":[{\"@type\":\"ListItem\",\"position\":1,\"name\":\"Hogar\",\"item\":\"https:\\\/\\\/www.powerscreentx.com\\\/es\\\/\"},{\"@type\":\"ListItem\",\"position\":2,\"name\":\"Usado\",\"item\":\"https:\\\/\\\/www.powerscreentx.com\\\/es\\\/usado\\\/\"},{\"@type\":\"ListItem\",\"position\":3,\"name\":\"Estaciones de picking\"}]},{\"@type\":\"WebSite\",\"@id\":\"https:\\\/\\\/www.powerscreentx.com\\\/es\\\/#website\",\"url\":\"https:\\\/\\\/www.powerscreentx.com\\\/es\\\/\",\"name\":\"Powerscreen Texas\",\"description\":\"\",\"publisher\":{\"@id\":\"https:\\\/\\\/www.powerscreentx.com\\\/es\\\/#organization\"},\"potentialAction\":[{\"@type\":\"SearchAction\",\"target\":{\"@type\":\"EntryPoint\",\"urlTemplate\":\"https:\\\/\\\/www.powerscreentx.com\\\/es\\\/?s={search_term_string}\"},\"query-input\":{\"@type\":\"PropertyValueSpecification\",\"valueRequired\":true,\"valueName\":\"search_term_string\"}}],\"inLanguage\":\"es\"},{\"@type\":\"Organization\",\"@id\":\"https:\\\/\\\/www.powerscreentx.com\\\/es\\\/#organization\",\"name\":\"Powerscreen Texas\",\"url\":\"https:\\\/\\\/www.powerscreentx.com\\\/es\\\/\",\"logo\":{\"@type\":\"ImageObject\",\"inLanguage\":\"es\",\"@id\":\"https:\\\/\\\/www.powerscreentx.com\\\/es\\\/#\\\/schema\\\/logo\\\/image\\\/\",\"url\":\"\",\"contentUrl\":\"\",\"caption\":\"Powerscreen Texas\"},\"image\":{\"@id\":\"https:\\\/\\\/www.powerscreentx.com\\\/es\\\/#\\\/schema\\\/logo\\\/image\\\/\"}}]}<\/script>\n<!-- \/ Yoast SEO plugin. -->","yoast_head_json":{"title":"Soluciones para estaciones de picking | Powerscreen of Texas","description":"La estaci\u00f3n de picking MGL es una m\u00e1quina de \u00faltima generaci\u00f3n dise\u00f1ada para ayudar a agilizar el proceso de picking en almacenes y centros de distribuci\u00f3n.","robots":{"index":"index","follow":"follow","max-snippet":"max-snippet:-1","max-image-preview":"max-image-preview:large","max-video-preview":"max-video-preview:-1"},"canonical":"https:\/\/www.powerscreentx.com\/es\/usado\/estaciones-de-picking\/","og_locale":"es_ES","og_type":"article","og_title":"Soluciones para estaciones de picking | Powerscreen of Texas","og_description":"La estaci\u00f3n de picking MGL es una m\u00e1quina de \u00faltima generaci\u00f3n dise\u00f1ada para ayudar a agilizar el proceso de picking en almacenes y centros de distribuci\u00f3n.","og_url":"https:\/\/www.powerscreentx.com\/es\/usado\/estaciones-de-picking\/","og_site_name":"Powerscreen Texas","twitter_card":"summary_large_image","schema":{"@context":"https:\/\/schema.org","@graph":[{"@type":"WebPage","@id":"https:\/\/www.powerscreentx.com\/es\/usado\/estaciones-de-picking\/","url":"https:\/\/www.powerscreentx.com\/es\/usado\/estaciones-de-picking\/","name":"Soluciones para estaciones de picking | Powerscreen of Texas","isPartOf":{"@id":"https:\/\/www.powerscreentx.com\/es\/#website"},"datePublished":"2025-10-03T14:46:04+00:00","description":"La estaci\u00f3n de picking MGL es una m\u00e1quina de \u00faltima generaci\u00f3n dise\u00f1ada para ayudar a agilizar el proceso de picking en almacenes y centros de distribuci\u00f3n.","breadcrumb":{"@id":"https:\/\/www.powerscreentx.com\/es\/usado\/estaciones-de-picking\/#breadcrumb"},"inLanguage":"es","potentialAction":[{"@type":"ReadAction","target":["https:\/\/www.powerscreentx.com\/es\/usado\/estaciones-de-picking\/"]}]},{"@type":"BreadcrumbList","@id":"https:\/\/www.powerscreentx.com\/es\/usado\/estaciones-de-picking\/#breadcrumb","itemListElement":[{"@type":"ListItem","position":1,"name":"Hogar","item":"https:\/\/www.powerscreentx.com\/es\/"},{"@type":"ListItem","position":2,"name":"Usado","item":"https:\/\/www.powerscreentx.com\/es\/usado\/"},{"@type":"ListItem","position":3,"name":"Estaciones de picking"}]},{"@type":"WebSite","@id":"https:\/\/www.powerscreentx.com\/es\/#website","url":"https:\/\/www.powerscreentx.com\/es\/","name":"Powerscreen Texas","description":"","publisher":{"@id":"https:\/\/www.powerscreentx.com\/es\/#organization"},"potentialAction":[{"@type":"SearchAction","target":{"@type":"EntryPoint","urlTemplate":"https:\/\/www.powerscreentx.com\/es\/?s={search_term_string}"},"query-input":{"@type":"PropertyValueSpecification","valueRequired":true,"valueName":"search_term_string"}}],"inLanguage":"es"},{"@type":"Organization","@id":"https:\/\/www.powerscreentx.com\/es\/#organization","name":"Powerscreen Texas","url":"https:\/\/www.powerscreentx.com\/es\/","logo":{"@type":"ImageObject","inLanguage":"es","@id":"https:\/\/www.powerscreentx.com\/es\/#\/schema\/logo\/image\/","url":"","contentUrl":"","caption":"Powerscreen Texas"},"image":{"@id":"https:\/\/www.powerscreentx.com\/es\/#\/schema\/logo\/image\/"}}]}},"_links":{"self":[{"href":"https:\/\/www.powerscreentx.com\/es\/wp-json\/wp\/v2\/pages\/64724","targetHints":{"allow":["GET"]}}],"collection":[{"href":"https:\/\/www.powerscreentx.com\/es\/wp-json\/wp\/v2\/pages"}],"about":[{"href":"https:\/\/www.powerscreentx.com\/es\/wp-json\/wp\/v2\/types\/page"}],"author":[{"embeddable":true,"href":"https:\/\/www.powerscreentx.com\/es\/wp-json\/wp\/v2\/users\/7"}],"replies":[{"embeddable":true,"href":"https:\/\/www.powerscreentx.com\/es\/wp-json\/wp\/v2\/comments?post=64724"}],"version-history":[{"count":1,"href":"https:\/\/www.powerscreentx.com\/es\/wp-json\/wp\/v2\/pages\/64724\/revisions"}],"predecessor-version":[{"id":64768,"href":"https:\/\/www.powerscreentx.com\/es\/wp-json\/wp\/v2\/pages\/64724\/revisions\/64768"}],"up":[{"embeddable":true,"href":"https:\/\/www.powerscreentx.com\/es\/wp-json\/wp\/v2\/pages\/62542"}],"wp:attachment":[{"href":"https:\/\/www.powerscreentx.com\/es\/wp-json\/wp\/v2\/media?parent=64724"}],"curies":[{"name":"wp","href":"https:\/\/api.w.org\/{rel}","templated":true}]}}