{"id":63481,"date":"2025-09-02T15:55:41","date_gmt":"2025-09-02T22:55:41","guid":{"rendered":"https:\/\/www.powerscreentx.com\/?page_id=63481"},"modified":"2025-09-02T15:55:41","modified_gmt":"2025-09-02T22:55:41","slug":"cbi-2","status":"publish","type":"page","link":"https:\/\/www.powerscreentx.com\/es\/marcas\/cbi-2\/","title":{"rendered":"CBI"},"content":{"rendered":"\n\n<div class=\"container\">\n\n    <div class=\"block-header-container\">\n\n                    <h2 class=\"block-header text-center \">Astilladoras y trituradoras<\/h2>\n                            <div class=\"written block-text lg:text-lg\">Desde 1988, las m\u00e1quinas CBI han sido dise\u00f1adas para superar los est\u00e1ndares del sector en producci\u00f3n, rendimiento y durabilidad. CBI revolucion\u00f3 el procesamiento de materiales con equipos robustos dise\u00f1ados para maximizar la productividad, ofreciendo un valor inigualable a los propietarios comprometidos con la expansi\u00f3n empresarial. <\/div>\n        \n\n    <\/div>\n\n\n    \n<form class=\"sort-wrapper container\" name=\"ps-sortform\" action=\"#\" method=\"get\">\n        <div class=\"filters\">\n            \n            \n                <select class=\"dynamic-sort\" name=\"category filter-select\" id=\"category\">\n\n                    <option value=\"default\" disabled selected>Categor\u00eda<\/option>\n                                                                        <option value=\"astilladora-y-trituradora\">Astilladora y trituradora<\/option>\n                                                                                                <option value=\"rectificadoras-horizontales\">Rectificadoras horizontales<\/option>\n                                                            <\/select>\n\n            \n                    <\/div>\n\n                \n        <p class=\"product-count flex items-center\">4 Productos<\/p>\n        \n        <div class=\"sort-by\">\n            <select class=\"dynamic-sort\" name=\"sortby\" id=\"sorter\">\n                                                                                        <option value=\"default\" disabled selected>Ordenar por<\/option>\n                                                                                                                                    <option value=\"machine-weight\">Machine Weight<\/option>\n                                                                                                                                    <option value=\"title-asc\">Name (A-Z)<\/option>\n                                                                                                                                    <option value=\"title-desc\">Name (Z-A)<\/option>\n                                                                        <\/select>\n        <\/div>\n                <input type=\"hidden\" name=\"sorter\" value=\"submit\">\n    <\/form>\n<div class=\"container ranges-single\">\n\n    \n            <div class=\"product-card\">\n                <div class=\"product-card-inner\">\n                                        <div class=\"pc-image\" style=\"background-image:url(https:\/\/www.powerscreentx.com\/wp-content\/uploads\/2023\/02\/product-images_0058_CBI-5400BT.png)\"><\/div>\n                    <h3>CBI 5400BT<\/h3>\n                    <div class=\"pc-tag_wrapper\">\n                        <div class=\"pc-tag\">Astilladora y trituradora<\/div><div class=\"pc-tag\">Rectificadoras horizontales<\/div>                    <\/div>\n                    <div class=\"pc-shortdesc\">\n                        La CBI Magnum Force 5400BT forma parte de la serie de amoladoras horizontales de nueva generaci\u00f3n&#8230;                    <\/div>\n                <\/div>\n                <div class=\"product-card-links\">\n                    <a href=\"https:\/\/www.powerscreentx.com\/es\/powerscreenproduct\/cbi-5400bt\/\" class=\"text-black underline uppercase font-quicksand hover:text-teal\">\n                        Ver detalles del modelo                    <\/a>\n                                            <a class=\"pc-button pc-button-primary\" href=\"\/wp-content\/uploads\/2023\/02\/5400bt-horizontal-grinder-brochure.pdf\" download=\"brochure\">\n                            Descargar folleto                        <\/a>\n                                        <button class=\"pc-button pc-button-secondary\">\n                        <div onclick=\"quotepopup('CBI 5400BT')\">\n                            Solicitar una cotizaci\u00f3n                        <\/div>\n                    <\/button>\n                <\/div>\n            <\/div>\n    \n            <div class=\"product-card\">\n                <div class=\"product-card-inner\">\n                                        <div class=\"pc-image\" style=\"background-image:url(https:\/\/www.powerscreentx.com\/wp-content\/uploads\/2023\/02\/product-images_0059_CBI-5800BT.png)\"><\/div>\n                    <h3>CBI 5800BT<\/h3>\n                    <div class=\"pc-tag_wrapper\">\n                        <div class=\"pc-tag\">Rectificadoras horizontales<\/div><div class=\"pc-tag\">Astilladora y trituradora<\/div>                    <\/div>\n                    <div class=\"pc-shortdesc\">\n                        La Amoladora Horizontal Port\u00e1til CBI Magnum Force 5800BT no tiene rival a la hora de resolver los&#8230;                    <\/div>\n                <\/div>\n                <div class=\"product-card-links\">\n                    <a href=\"https:\/\/www.powerscreentx.com\/es\/powerscreenproduct\/cbi-5800bt\/\" class=\"text-black underline uppercase font-quicksand hover:text-teal\">\n                        Ver detalles del modelo                    <\/a>\n                                            <a class=\"pc-button pc-button-primary\" href=\"\/wp-content\/uploads\/2023\/02\/5800BT_Brochure.pdf\" download=\"brochure\">\n                            Descargar folleto                        <\/a>\n                                        <button class=\"pc-button pc-button-secondary\">\n                        <div onclick=\"quotepopup('CBI 5800BT')\">\n                            Solicitar una cotizaci\u00f3n                        <\/div>\n                    <\/button>\n                <\/div>\n            <\/div>\n    \n            <div class=\"product-card\">\n                <div class=\"product-card-inner\">\n                                        <div class=\"pc-image\" style=\"background-image:url(https:\/\/www.powerscreentx.com\/wp-content\/uploads\/2023\/02\/product-images_0057_CBI-6400CT.png)\"><\/div>\n                    <h3>CBI 6400CT<\/h3>\n                    <div class=\"pc-tag_wrapper\">\n                        <div class=\"pc-tag\">Rectificadoras horizontales<\/div><div class=\"pc-tag\">Astilladora y trituradora<\/div>                    <\/div>\n                    <div class=\"pc-shortdesc\">\n                        La CBI Magnum Force 5400BT forma parte de la serie de amoladoras horizontales de nueva generaci\u00f3n&#8230;                    <\/div>\n                <\/div>\n                <div class=\"product-card-links\">\n                    <a href=\"https:\/\/www.powerscreentx.com\/es\/powerscreenproduct\/cbi-6400ct\/\" class=\"text-black underline uppercase font-quicksand hover:text-teal\">\n                        Ver detalles del modelo                    <\/a>\n                                            <a class=\"pc-button pc-button-primary\" href=\"\/wp-content\/uploads\/2023\/02\/6400CT-019099-Operations-Manual-Revision-3.0-English.pdf\" download=\"brochure\">\n                            Descargar folleto                        <\/a>\n                                        <button class=\"pc-button pc-button-secondary\">\n                        <div onclick=\"quotepopup('CBI 6400CT')\">\n                            Solicitar una cotizaci\u00f3n                        <\/div>\n                    <\/button>\n                <\/div>\n            <\/div>\n    \n            <div class=\"product-card\">\n                <div class=\"product-card-inner\">\n                                        <div class=\"pc-image\" style=\"background-image:url(https:\/\/www.powerscreentx.com\/wp-content\/uploads\/2023\/02\/product-images_0060_CBI-6800CT.png)\"><\/div>\n                    <h3>CBI 6800CT<\/h3>\n                    <div class=\"pc-tag_wrapper\">\n                        <div class=\"pc-tag\">Rectificadoras horizontales<\/div><div class=\"pc-tag\">Astilladora y trituradora<\/div>                    <\/div>\n                    <div class=\"pc-shortdesc\">\n                        La trituradora horizontal CBI Magnum Force 6800CT est\u00e1 dise\u00f1ada para superar a todas las&#8230;                    <\/div>\n                <\/div>\n                <div class=\"product-card-links\">\n                    <a href=\"https:\/\/www.powerscreentx.com\/es\/powerscreenproduct\/cbi-6800ct\/\" class=\"text-black underline uppercase font-quicksand hover:text-teal\">\n                        Ver detalles del modelo                    <\/a>\n                                            <a class=\"pc-button pc-button-primary\" href=\"\/wp-content\/uploads\/2023\/02\/6800ct-horizontal-grinder-brochure_webbe044f9c65624e768bf2f8f245bdf5b3.pdf\" download=\"brochure\">\n                            Descargar folleto                        <\/a>\n                                        <button class=\"pc-button pc-button-secondary\">\n                        <div onclick=\"quotepopup('CBI 6800CT')\">\n                            Solicitar una cotizaci\u00f3n                        <\/div>\n                    <\/button>\n                <\/div>\n            <\/div>\n    <\/div>\n\n    \n<style>\n    .pagination {\n    display: flex;\n    flex-direction: row;\n    align-items: center;\n    justify-content: center;\n    margin-bottom: 45px;\n}\n\n.page-numbers {\n    padding: 5px;\n    margin: 0 5px;\n    width: 30px;\n    background: red;\n    height: 30px;\n    display: flex;\n    justify-content: center;\n    align-items: center;\n    border: 2px solid red;\n    border-radius: 5px;\n    color: white;\n}\n\n.page-numbers.current {\n    background-color: transparent;\n    color: black;\n}\n<\/style><\/div>\n\n\n<section id=\"two-col-block_1228bc34fff0e10b60dee3a3d6f4c0a5\" class=\"two-col-block py-0 ccolumn-bg bg-primary margin-top-20 margin-bottom-20\">\n    \n    <div class=\"two-col-container                                  \">\n        <div class=\"grid grid-cols-1 mb-5 lg:grid-cols-2 lg:mb-0\" style=\"background-color:                                                                                           transparent;\">\n            \n                <div class=\"two-col-column-1                                             two-col-order-2\">\n                                            <img decoding=\"async\" class=\"two-col-image\" src=\"https:\/\/www.powerscreentx.com\/wp-content\/uploads\/2024\/09\/CBI-Page.jpg\" alt=\"CBI machine Stockpiling \"\/>\n                    \n\n\n                   \n\n\n                   \n\n\n                <\/div>\n\n\n\n                <div class=\"two-col-column-2                                             two-col-order-1\">\n                    <div class=\"two-col-padding-left\" style=\"padding-top:15px;padding-bottom:15px;\">\n\n                                                    <h2 class=\"two-col-headingtext-white\">RENDIMIENTO DURADERO DE ASTILLADORAS Y TRITURADORAS<\/h2>\n                        \n                        \n                                                            <div class=\"two-col-text writtentext-grey-400\"><p style=\"font-weight: 400;\">La gama de astilladoras y trituradoras CBI se considera el pin\u00e1culo de la calidad en el mercado, y se distingue por su construcci\u00f3n excepcional, su dise\u00f1o robusto y su impresionante capacidad de producci\u00f3n. Estas m\u00e1quinas est\u00e1n fabricadas con materiales y componentes de primera calidad para garantizar una durabilidad y fiabilidad duraderas. <\/p>\n<\/div>\n                            \n                                                                                                <a class=\"button-primary button-col-primary\" href=\"https:\/\/www.powerscreentx.com\/es\/marcas\/cbi\/\">Solicitar informaci\u00f3n<\/a>\n                                                            \n                                            <\/div>\n                <\/div>\n\n\n                    <\/div>\n    <\/div>\n<\/section>\n\n\n<section id=\"two-col-block_0b9f1673f1fc3e0bce2b0e339a604d76\" class=\"two-col-block py-12 lg:py-24 bg-transparent margin-top-20 margin-bottom-20\">\n    \n    <div class=\"two-col-container                                  container\">\n        <div class=\"grid grid-cols-1 mb-5 lg:grid-cols-2 lg:mb-0\" style=\"background-color:                                                                                           transparent;\">\n            \n                <div class=\"two-col-column-1                                             two-col-order-2\">\n                                            <img decoding=\"async\" class=\"two-col-image\" src=\"https:\/\/www.powerscreentx.com\/wp-content\/uploads\/2023\/02\/product-images_0060_CBI-6800CT.png\" alt=\"CBI 6800CT Rendering\"\/>\n                    \n\n\n                   \n\n\n                   \n\n\n                <\/div>\n\n\n\n                <div class=\"two-col-column-2                                             two-col-order-1\">\n                    <div class=\"two-col-padding-left\" style=\"padding-top:15px;padding-bottom:15px;\">\n\n                                                    <h2 class=\"two-col-headingtext-primary\">Dedicados a Encontrar la Soluci\u00f3n Ideal<\/h2>\n                        \n                        \n                                                            <div class=\"two-col-text writtentext-grey\"><p style=\"font-weight: 400;\">Con una amplia experiencia en el sector y conocimiento de una gran variedad de opciones de maquinaria, nuestro equipo se compromete a trabajar contigo para alcanzar tus objetivos. Nos esforzamos por recomendarte la mejor soluci\u00f3n que se ajuste a tu presupuesto y te ayude a alcanzar tus objetivos. <\/p>\n<\/div>\n                            \n                                                                                                <a class=\"button-primary button-col-primary\" href=\"https:\/\/www.powerscreentx.com\/es\/contacte-con-nosotros\/\">Contacte con nosotros<\/a>\n                                                            \n                                            <\/div>\n                <\/div>\n\n\n                    <\/div>\n    <\/div>\n<\/section>","protected":false},"excerpt":{"rendered":"","protected":false},"author":6,"featured_media":0,"parent":62606,"menu_order":0,"comment_status":"closed","ping_status":"closed","template":"","meta":{"_acf_changed":false,"footnotes":""},"class_list":["post-63481","page","type-page","status-publish","hentry"],"acf":[],"yoast_head":"<!-- This site is optimized with the Yoast SEO plugin v27.5 - https:\/\/yoast.com\/product\/yoast-seo-wordpress\/ -->\n<title>CBI Machines | Procesamiento de Materiales | Powerscreen of Texas<\/title>\n<meta name=\"description\" content=\"Las m\u00e1quinas CBI, marca asociada de Powerscreen, est\u00e1n dise\u00f1adas espec\u00edficamente para superar en producci\u00f3n, rendimiento y duraci\u00f3n a cualquier m\u00e1quina del mercado desde 1988.\" \/>\n<meta name=\"robots\" content=\"index, follow, max-snippet:-1, max-image-preview:large, max-video-preview:-1\" \/>\n<link rel=\"canonical\" href=\"https:\/\/www.powerscreentx.com\/es\/marcas\/cbi-2\/\" \/>\n<meta property=\"og:locale\" content=\"es_ES\" \/>\n<meta property=\"og:type\" content=\"article\" \/>\n<meta property=\"og:title\" content=\"CBI Machines | Procesamiento de Materiales | Powerscreen of Texas\" \/>\n<meta property=\"og:description\" content=\"Las m\u00e1quinas CBI, marca asociada de Powerscreen, est\u00e1n dise\u00f1adas espec\u00edficamente para superar en producci\u00f3n, rendimiento y duraci\u00f3n a cualquier m\u00e1quina del mercado desde 1988.\" \/>\n<meta property=\"og:url\" content=\"https:\/\/www.powerscreentx.com\/es\/marcas\/cbi-2\/\" \/>\n<meta property=\"og:site_name\" content=\"Powerscreen Texas\" \/>\n<meta name=\"twitter:card\" content=\"summary_large_image\" \/>\n<script type=\"application\/ld+json\" class=\"yoast-schema-graph\">{\"@context\":\"https:\\\/\\\/schema.org\",\"@graph\":[{\"@type\":\"WebPage\",\"@id\":\"https:\\\/\\\/www.powerscreentx.com\\\/es\\\/marcas\\\/cbi-2\\\/\",\"url\":\"https:\\\/\\\/www.powerscreentx.com\\\/es\\\/marcas\\\/cbi-2\\\/\",\"name\":\"CBI Machines | Procesamiento de Materiales | Powerscreen of Texas\",\"isPartOf\":{\"@id\":\"https:\\\/\\\/www.powerscreentx.com\\\/es\\\/#website\"},\"datePublished\":\"2025-09-02T22:55:41+00:00\",\"description\":\"Las m\u00e1quinas CBI, marca asociada de Powerscreen, est\u00e1n dise\u00f1adas espec\u00edficamente para superar en producci\u00f3n, rendimiento y duraci\u00f3n a cualquier m\u00e1quina del mercado desde 1988.\",\"breadcrumb\":{\"@id\":\"https:\\\/\\\/www.powerscreentx.com\\\/es\\\/marcas\\\/cbi-2\\\/#breadcrumb\"},\"inLanguage\":\"es\",\"potentialAction\":[{\"@type\":\"ReadAction\",\"target\":[\"https:\\\/\\\/www.powerscreentx.com\\\/es\\\/marcas\\\/cbi-2\\\/\"]}]},{\"@type\":\"BreadcrumbList\",\"@id\":\"https:\\\/\\\/www.powerscreentx.com\\\/es\\\/marcas\\\/cbi-2\\\/#breadcrumb\",\"itemListElement\":[{\"@type\":\"ListItem\",\"position\":1,\"name\":\"Hogar\",\"item\":\"https:\\\/\\\/www.powerscreentx.com\\\/es\\\/\"},{\"@type\":\"ListItem\",\"position\":2,\"name\":\"Marcas\",\"item\":\"https:\\\/\\\/www.powerscreentx.com\\\/es\\\/marcas\\\/\"},{\"@type\":\"ListItem\",\"position\":3,\"name\":\"CBI\"}]},{\"@type\":\"WebSite\",\"@id\":\"https:\\\/\\\/www.powerscreentx.com\\\/es\\\/#website\",\"url\":\"https:\\\/\\\/www.powerscreentx.com\\\/es\\\/\",\"name\":\"Powerscreen Texas\",\"description\":\"\",\"publisher\":{\"@id\":\"https:\\\/\\\/www.powerscreentx.com\\\/es\\\/#organization\"},\"potentialAction\":[{\"@type\":\"SearchAction\",\"target\":{\"@type\":\"EntryPoint\",\"urlTemplate\":\"https:\\\/\\\/www.powerscreentx.com\\\/es\\\/?s={search_term_string}\"},\"query-input\":{\"@type\":\"PropertyValueSpecification\",\"valueRequired\":true,\"valueName\":\"search_term_string\"}}],\"inLanguage\":\"es\"},{\"@type\":\"Organization\",\"@id\":\"https:\\\/\\\/www.powerscreentx.com\\\/es\\\/#organization\",\"name\":\"Powerscreen Texas\",\"url\":\"https:\\\/\\\/www.powerscreentx.com\\\/es\\\/\",\"logo\":{\"@type\":\"ImageObject\",\"inLanguage\":\"es\",\"@id\":\"https:\\\/\\\/www.powerscreentx.com\\\/es\\\/#\\\/schema\\\/logo\\\/image\\\/\",\"url\":\"\",\"contentUrl\":\"\",\"caption\":\"Powerscreen Texas\"},\"image\":{\"@id\":\"https:\\\/\\\/www.powerscreentx.com\\\/es\\\/#\\\/schema\\\/logo\\\/image\\\/\"}}]}<\/script>\n<!-- \/ Yoast SEO plugin. -->","yoast_head_json":{"title":"CBI Machines | Procesamiento de Materiales | Powerscreen of Texas","description":"Las m\u00e1quinas CBI, marca asociada de Powerscreen, est\u00e1n dise\u00f1adas espec\u00edficamente para superar en producci\u00f3n, rendimiento y duraci\u00f3n a cualquier m\u00e1quina del mercado desde 1988.","robots":{"index":"index","follow":"follow","max-snippet":"max-snippet:-1","max-image-preview":"max-image-preview:large","max-video-preview":"max-video-preview:-1"},"canonical":"https:\/\/www.powerscreentx.com\/es\/marcas\/cbi-2\/","og_locale":"es_ES","og_type":"article","og_title":"CBI Machines | Procesamiento de Materiales | Powerscreen of Texas","og_description":"Las m\u00e1quinas CBI, marca asociada de Powerscreen, est\u00e1n dise\u00f1adas espec\u00edficamente para superar en producci\u00f3n, rendimiento y duraci\u00f3n a cualquier m\u00e1quina del mercado desde 1988.","og_url":"https:\/\/www.powerscreentx.com\/es\/marcas\/cbi-2\/","og_site_name":"Powerscreen Texas","twitter_card":"summary_large_image","schema":{"@context":"https:\/\/schema.org","@graph":[{"@type":"WebPage","@id":"https:\/\/www.powerscreentx.com\/es\/marcas\/cbi-2\/","url":"https:\/\/www.powerscreentx.com\/es\/marcas\/cbi-2\/","name":"CBI Machines | Procesamiento de Materiales | Powerscreen of Texas","isPartOf":{"@id":"https:\/\/www.powerscreentx.com\/es\/#website"},"datePublished":"2025-09-02T22:55:41+00:00","description":"Las m\u00e1quinas CBI, marca asociada de Powerscreen, est\u00e1n dise\u00f1adas espec\u00edficamente para superar en producci\u00f3n, rendimiento y duraci\u00f3n a cualquier m\u00e1quina del mercado desde 1988.","breadcrumb":{"@id":"https:\/\/www.powerscreentx.com\/es\/marcas\/cbi-2\/#breadcrumb"},"inLanguage":"es","potentialAction":[{"@type":"ReadAction","target":["https:\/\/www.powerscreentx.com\/es\/marcas\/cbi-2\/"]}]},{"@type":"BreadcrumbList","@id":"https:\/\/www.powerscreentx.com\/es\/marcas\/cbi-2\/#breadcrumb","itemListElement":[{"@type":"ListItem","position":1,"name":"Hogar","item":"https:\/\/www.powerscreentx.com\/es\/"},{"@type":"ListItem","position":2,"name":"Marcas","item":"https:\/\/www.powerscreentx.com\/es\/marcas\/"},{"@type":"ListItem","position":3,"name":"CBI"}]},{"@type":"WebSite","@id":"https:\/\/www.powerscreentx.com\/es\/#website","url":"https:\/\/www.powerscreentx.com\/es\/","name":"Powerscreen Texas","description":"","publisher":{"@id":"https:\/\/www.powerscreentx.com\/es\/#organization"},"potentialAction":[{"@type":"SearchAction","target":{"@type":"EntryPoint","urlTemplate":"https:\/\/www.powerscreentx.com\/es\/?s={search_term_string}"},"query-input":{"@type":"PropertyValueSpecification","valueRequired":true,"valueName":"search_term_string"}}],"inLanguage":"es"},{"@type":"Organization","@id":"https:\/\/www.powerscreentx.com\/es\/#organization","name":"Powerscreen Texas","url":"https:\/\/www.powerscreentx.com\/es\/","logo":{"@type":"ImageObject","inLanguage":"es","@id":"https:\/\/www.powerscreentx.com\/es\/#\/schema\/logo\/image\/","url":"","contentUrl":"","caption":"Powerscreen Texas"},"image":{"@id":"https:\/\/www.powerscreentx.com\/es\/#\/schema\/logo\/image\/"}}]}},"_links":{"self":[{"href":"https:\/\/www.powerscreentx.com\/es\/wp-json\/wp\/v2\/pages\/63481","targetHints":{"allow":["GET"]}}],"collection":[{"href":"https:\/\/www.powerscreentx.com\/es\/wp-json\/wp\/v2\/pages"}],"about":[{"href":"https:\/\/www.powerscreentx.com\/es\/wp-json\/wp\/v2\/types\/page"}],"author":[{"embeddable":true,"href":"https:\/\/www.powerscreentx.com\/es\/wp-json\/wp\/v2\/users\/6"}],"replies":[{"embeddable":true,"href":"https:\/\/www.powerscreentx.com\/es\/wp-json\/wp\/v2\/comments?post=63481"}],"version-history":[{"count":1,"href":"https:\/\/www.powerscreentx.com\/es\/wp-json\/wp\/v2\/pages\/63481\/revisions"}],"predecessor-version":[{"id":63490,"href":"https:\/\/www.powerscreentx.com\/es\/wp-json\/wp\/v2\/pages\/63481\/revisions\/63490"}],"up":[{"embeddable":true,"href":"https:\/\/www.powerscreentx.com\/es\/wp-json\/wp\/v2\/pages\/62606"}],"wp:attachment":[{"href":"https:\/\/www.powerscreentx.com\/es\/wp-json\/wp\/v2\/media?parent=63481"}],"curies":[{"name":"wp","href":"https:\/\/api.w.org\/{rel}","templated":true}]}}