{"id":62503,"date":"2023-02-06T16:24:19","date_gmt":"2023-02-07T00:24:19","guid":{"rendered":"https:\/\/www.powerscreentx.com\/categorias\/lavado\/"},"modified":"2025-01-10T03:21:24","modified_gmt":"2025-01-10T11:21:24","slug":"lavado","status":"publish","type":"page","link":"https:\/\/www.powerscreentx.com\/es\/categorias\/lavado\/","title":{"rendered":"Lavado"},"content":{"rendered":"\n\n<div class=\"container\">\n\n    <div class=\"block-header-container\">\n\n                    <h2 class=\"block-header text-center \">SOLUCIONES PERSONALIZADAS DE LAVADO DE \u00c1RIDOS<\/h2>\n                            <div class=\"written block-text lg:text-lg\">Nuestro objetivo es ayudar a los clientes a maximizar la eficiencia y sostenibilidad de sus recursos naturales. Nuestro profundo conocimiento de los retos de los clientes nos permite ofrecer soluciones r\u00e1pidas y eficaces adaptadas a sus necesidades espec\u00edficas. Gracias a nuestra amplia experiencia en entornos dif\u00edciles en todo el Sur, garantizamos el \u00e9xito de cada proyecto.  <\/div>\n        \n\n    <\/div>\n\n    <div class=\"range-cards \">\n        \n            <div class=\"range-card\">\n                <div class=\"range-card-inner\">\n                    <h3>Lavado de hormig\u00f3n<\/h3>\n                                        <figure class=\"range-image\" style=\"background-image:url(https:\/\/www.powerscreentx.com\/wp-content\/uploads\/2023\/02\/product-images_0000s_0012_aggrecover-4edit-600x510.png)\"><\/figure>\n                <\/div>\n                                    <a href=\"https:\/\/www.powerscreentx.com\/es\/categorias\/lavado-de-hormigon\/\" class=\"button-primary button-col-primary\" target=\"\">\n                        <span>Ver la gama<\/span>\n                    <\/a>\n                            <\/div>\n        \n            <div class=\"range-card\">\n                <div class=\"range-card-inner\">\n                    <h3>Alimentadores<\/h3>\n                                        <figure class=\"range-image\" style=\"background-image:url(https:\/\/www.powerscreentx.com\/wp-content\/uploads\/2023\/02\/product-images_0000s_0010_aggrescalp-600x510.png)\"><\/figure>\n                <\/div>\n                                    <a href=\"https:\/\/www.powerscreentx.com\/es\/categorias\/alimentadores\/\" class=\"button-primary button-col-primary\" target=\"\">\n                        <span>Ver la gama<\/span>\n                    <\/a>\n                            <\/div>\n        \n            <div class=\"range-card\">\n                <div class=\"range-card-inner\">\n                    <h3>Soluciones modulares<\/h3>\n                                        <figure class=\"range-image\" style=\"background-image:url(https:\/\/www.powerscreentx.com\/wp-content\/uploads\/2023\/02\/product-images_0000s_0009_aggwash-300-600x510.png)\"><\/figure>\n                <\/div>\n                                    <a href=\"https:\/\/www.powerscreentx.com\/es\/categorias\/soluciones-modulares\/\" class=\"button-primary button-col-primary\" target=\"\">\n                        <span>Ver la gama<\/span>\n                    <\/a>\n                            <\/div>\n        \n            <div class=\"range-card\">\n                <div class=\"range-card-inner\">\n                    <h3>Gesti\u00f3n del agua<\/h3>\n                                        <figure class=\"range-image\" style=\"background-image:url(https:\/\/www.powerscreentx.com\/wp-content\/uploads\/2023\/10\/thickener-tank_final-600x338.png)\"><\/figure>\n                <\/div>\n                                    <a href=\"https:\/\/www.powerscreentx.com\/es\/categorias\/gestion-del-agua\/\" class=\"button-primary button-col-primary\" target=\"\">\n                        <span>Ver la gama<\/span>\n                    <\/a>\n                            <\/div>\n        \n            <div class=\"range-card\">\n                <div class=\"range-card-inner\">\n                    <h3>Lavado y clasificaci\u00f3n<\/h3>\n                                        <figure class=\"range-image\" style=\"background-image:url(https:\/\/www.powerscreentx.com\/wp-content\/uploads\/2023\/02\/product-images_0000_dw-range-600x510.png)\"><\/figure>\n                <\/div>\n                                    <a href=\"https:\/\/www.powerscreentx.com\/es\/categorias\/lavado-y-clasificacion\/\" class=\"button-primary button-col-primary\" target=\"\">\n                        <span>Ver la gama<\/span>\n                    <\/a>\n                            <\/div>\n            <\/div><\/div>\n\n\n<section id=\"two-col-block_c8201c692e84569a532f2964fddf7f6c\" class=\"two-col-block py-0 ccolumn-bg bg-primary margin-top-20 margin-bottom-20\">\n    \n    <div class=\"two-col-container                                  \">\n        <div class=\"grid grid-cols-1 mb-5 lg:grid-cols-2 lg:mb-0\" style=\"background-color:                                                                                           transparent;\">\n            \n                <div class=\"two-col-column-1                                             two-col-order-1\">\n                                            <img decoding=\"async\" class=\"two-col-image\" src=\"https:\/\/www.powerscreentx.com\/wp-content\/uploads\/2023\/02\/MW-PJ-Thory-AggReclaim-39-scaled.jpg\" alt=\"AggReclaim\"\/>\n                    \n\n\n                   \n\n\n                   \n\n\n                <\/div>\n\n\n\n                <div class=\"two-col-column-2                                             two-col-order-2\">\n                    <div class=\"two-col-padding-right\" style=\"padding-top:15px;padding-bottom:15px;\">\n\n                                                    <h2 class=\"two-col-headingtext-white\">Comienza tu viaje con la recuperaci\u00f3n de arena y grava<\/h2>\n                        \n                        \n                                                            <div class=\"two-col-text writtentext-grey-400\"><p style=\"font-weight: 400;\">El sistema AggReclaim FS+ para la recuperaci\u00f3n de arena y grava es muy vers\u00e1til e ideal para diversas aplicaciones. Dise\u00f1ado para funcionar con mucha menos agua que las plantas de lavado m\u00e1s grandes, el FS+ consigue un impresionante rendimiento de tonelaje a pesar de su tama\u00f1o compacto. <\/p>\n<\/div>\n                            \n                                                                                                <a class=\"button-primary button-col-primary\" href=\"https:\/\/www.powerscreentx.com\/es\/contacte-con-nosotros\/\">Solicitar informaci\u00f3n<\/a>\n                                                            \n                                            <\/div>\n                <\/div>\n\n\n                    <\/div>\n    <\/div>\n<\/section>\n\n\n<section id=\"two-col-block_6f1bd774c2d15b7c0e99d86ccf9e1c04\" class=\"two-col-block py-12 lg:py-24 bg-transparent margin-top-20 margin-bottom-20\">\n    \n    <div class=\"two-col-container                                  container\">\n        <div class=\"grid grid-cols-1 mb-5 lg:grid-cols-2 lg:mb-0\" style=\"background-color:                                                                                           transparent;\">\n            \n                <div class=\"two-col-column-1                                             two-col-order-2\">\n                                            <img decoding=\"async\" class=\"two-col-image\" src=\"https:\/\/www.powerscreentx.com\/wp-content\/uploads\/2023\/02\/product-images_0000s_0009_aggwash-300.png\" alt=\"\"\/>\n                    \n\n\n                   \n\n\n                   \n\n\n                <\/div>\n\n\n\n                <div class=\"two-col-column-2                                             two-col-order-1\">\n                    <div class=\"two-col-padding-left\" style=\"padding-top:15px;padding-bottom:15px;\">\n\n                                                    <h2 class=\"two-col-headingtext-primary\">Dedicados a Encontrar la Soluci\u00f3n Ideal<\/h2>\n                        \n                        \n                                                            <div class=\"two-col-text writtentext-grey\"><p style=\"font-weight: 400;\">Con una amplia experiencia en el sector y conocimiento de una gran variedad de opciones de maquinaria, nuestro equipo se compromete a trabajar contigo para alcanzar tus objetivos. Nos esforzamos por recomendarte la mejor soluci\u00f3n que se ajuste a tu presupuesto y te ayude a alcanzar tus objetivos. <\/p>\n<\/div>\n                            \n                                                                                                <a class=\"button-primary button-col-primary\" href=\"https:\/\/www.powerscreentx.com\/es\/contacte-con-nosotros\/\">Solicitar informaci\u00f3n<\/a>\n                                                            \n                                            <\/div>\n                <\/div>\n\n\n                    <\/div>\n    <\/div>\n<\/section>\n\n\n<section id=\"two-col-block_ed4e660f283278968773851f00d4cb41\" class=\"two-col-block py-0 bg-transparent margin-top-20 margin-bottom-20\">\n    \n<div class=\"block-header-container\">\n            <h1 class=\"block-header text-center \">c\u00f3mo podemos ayudarte<\/h1>\n    \n                    <div class=\"written block-text lg:text-lg\"><p style=\"font-weight: 400;\">Ofrecemos una variada selecci\u00f3n de opciones de equipamiento y amplios servicios de asistencia destinados a ayudar a nuestros clientes a alcanzar sus objetivos de producci\u00f3n de forma eficaz y asequible.<\/p>\n<\/div>\n    \n    <\/div>\n    <div class=\"two-col-container                                  container\">\n        <div class=\"grid grid-cols-1 mb-5 lg:grid-cols-2 lg:mb-0\" style=\"background-color:                                                                                           transparent;\">\n                    \n    <div class=\"custom-call-to-action-outer has-background-image\" style=\"background-image: url(https:\/\/www.powerscreentx.com\/wp-content\/uploads\/2023\/10\/Terex-Washing-Systems-116526-600x401.jpg)\">\n    \n        <div class=\"custom-call-to-action\" >\n                            <h3 class=\"cta-heading\">Equipos usados<\/h3>\n                            <p class=\"cta-text\">Si no desea adquirir una m\u00e1quina nueva, nuestro equipo de expertos en equipos usados dispone de una gama de opciones de maquinaria usada que puede considerar.<\/p>\n            \n\n                        \n\n                                                                                            <a class=\"cta-button\" href=\"https:\/\/www.powerscreentx.com\/es\/usado\/\">Ver Stock Usado<\/a>\n                                                             \n\n\n\n        <\/div>\n\n    <\/div>\n        \n    <div class=\"custom-call-to-action-outer has-background-image\" style=\"background-image: url(https:\/\/www.powerscreentx.com\/wp-content\/uploads\/2023\/02\/Aftercare-2-600x402.png)\">\n    \n        <div class=\"custom-call-to-action\" >\n                            <h3 class=\"cta-heading\">Piezas y servicio<\/h3>\n                            <p class=\"cta-text\">Powerscreen Texas ofrece piezas fiables y servicio posventa para optimizar el rendimiento de tu maquinaria y maximizar el tiempo de actividad y la rentabilidad.<\/p>\n            \n\n                        \n\n                                                                                            <a class=\"cta-button\" href=\"https:\/\/www.powerscreentx.com\/es\/cuidado-posterior\/\">M\u00e1s informaci\u00f3n<\/a>\n                                                             \n\n\n\n        <\/div>\n\n    <\/div>\n        <\/div>\n    <\/div>\n<\/section>\n\n\n<div style=\"height:100px\" aria-hidden=\"true\" class=\"wp-block-spacer\"><\/div>\n","protected":false},"excerpt":{"rendered":"","protected":false},"author":6,"featured_media":0,"parent":62469,"menu_order":0,"comment_status":"closed","ping_status":"closed","template":"","meta":{"_acf_changed":false,"footnotes":""},"class_list":["post-62503","page","type-page","status-publish","hentry"],"acf":[],"yoast_head":"<!-- This site is optimized with the Yoast SEO plugin v27.3 - https:\/\/yoast.com\/product\/yoast-seo-wordpress\/ -->\n<title>Soluciones de lavado de \u00e1ridos | Powerscreen of Texas<\/title>\n<meta name=\"description\" content=\"Las soluciones de lavado de materiales est\u00e1n dise\u00f1adas para proporcionar una producci\u00f3n de arena de la m\u00e1s alta calidad mediante un lavado, una clasificaci\u00f3n y una deshidrataci\u00f3n eficaces.\" \/>\n<meta name=\"robots\" content=\"index, follow, max-snippet:-1, max-image-preview:large, max-video-preview:-1\" \/>\n<link rel=\"canonical\" href=\"https:\/\/www.powerscreentx.com\/es\/categorias\/lavado\/\" \/>\n<meta property=\"og:locale\" content=\"es_ES\" \/>\n<meta property=\"og:type\" content=\"article\" \/>\n<meta property=\"og:title\" content=\"Soluciones de lavado de \u00e1ridos | Powerscreen of Texas\" \/>\n<meta property=\"og:description\" content=\"Las soluciones de lavado de materiales est\u00e1n dise\u00f1adas para proporcionar una producci\u00f3n de arena de la m\u00e1s alta calidad mediante un lavado, una clasificaci\u00f3n y una deshidrataci\u00f3n eficaces.\" \/>\n<meta property=\"og:url\" content=\"https:\/\/www.powerscreentx.com\/es\/categorias\/lavado\/\" \/>\n<meta property=\"og:site_name\" content=\"Powerscreen Texas\" \/>\n<meta property=\"article:modified_time\" content=\"2025-01-10T11:21:24+00:00\" \/>\n<meta name=\"twitter:card\" content=\"summary_large_image\" \/>\n<script type=\"application\/ld+json\" class=\"yoast-schema-graph\">{\"@context\":\"https:\\\/\\\/schema.org\",\"@graph\":[{\"@type\":\"WebPage\",\"@id\":\"https:\\\/\\\/www.powerscreentx.com\\\/es\\\/categorias\\\/lavado\\\/\",\"url\":\"https:\\\/\\\/www.powerscreentx.com\\\/es\\\/categorias\\\/lavado\\\/\",\"name\":\"Soluciones de lavado de \u00e1ridos | Powerscreen of Texas\",\"isPartOf\":{\"@id\":\"https:\\\/\\\/www.powerscreentx.com\\\/es\\\/#website\"},\"datePublished\":\"2023-02-07T00:24:19+00:00\",\"dateModified\":\"2025-01-10T11:21:24+00:00\",\"description\":\"Las soluciones de lavado de materiales est\u00e1n dise\u00f1adas para proporcionar una producci\u00f3n de arena de la m\u00e1s alta calidad mediante un lavado, una clasificaci\u00f3n y una deshidrataci\u00f3n eficaces.\",\"breadcrumb\":{\"@id\":\"https:\\\/\\\/www.powerscreentx.com\\\/es\\\/categorias\\\/lavado\\\/#breadcrumb\"},\"inLanguage\":\"es\",\"potentialAction\":[{\"@type\":\"ReadAction\",\"target\":[\"https:\\\/\\\/www.powerscreentx.com\\\/es\\\/categorias\\\/lavado\\\/\"]}]},{\"@type\":\"BreadcrumbList\",\"@id\":\"https:\\\/\\\/www.powerscreentx.com\\\/es\\\/categorias\\\/lavado\\\/#breadcrumb\",\"itemListElement\":[{\"@type\":\"ListItem\",\"position\":1,\"name\":\"Hogar\",\"item\":\"https:\\\/\\\/www.powerscreentx.com\\\/es\\\/\"},{\"@type\":\"ListItem\",\"position\":2,\"name\":\"Categor\u00edas\",\"item\":\"https:\\\/\\\/www.powerscreentx.com\\\/es\\\/categorias\\\/\"},{\"@type\":\"ListItem\",\"position\":3,\"name\":\"Lavado\"}]},{\"@type\":\"WebSite\",\"@id\":\"https:\\\/\\\/www.powerscreentx.com\\\/es\\\/#website\",\"url\":\"https:\\\/\\\/www.powerscreentx.com\\\/es\\\/\",\"name\":\"Powerscreen Texas\",\"description\":\"\",\"publisher\":{\"@id\":\"https:\\\/\\\/www.powerscreentx.com\\\/es\\\/#organization\"},\"potentialAction\":[{\"@type\":\"SearchAction\",\"target\":{\"@type\":\"EntryPoint\",\"urlTemplate\":\"https:\\\/\\\/www.powerscreentx.com\\\/es\\\/?s={search_term_string}\"},\"query-input\":{\"@type\":\"PropertyValueSpecification\",\"valueRequired\":true,\"valueName\":\"search_term_string\"}}],\"inLanguage\":\"es\"},{\"@type\":\"Organization\",\"@id\":\"https:\\\/\\\/www.powerscreentx.com\\\/es\\\/#organization\",\"name\":\"Powerscreen Texas\",\"url\":\"https:\\\/\\\/www.powerscreentx.com\\\/es\\\/\",\"logo\":{\"@type\":\"ImageObject\",\"inLanguage\":\"es\",\"@id\":\"https:\\\/\\\/www.powerscreentx.com\\\/es\\\/#\\\/schema\\\/logo\\\/image\\\/\",\"url\":\"\",\"contentUrl\":\"\",\"caption\":\"Powerscreen Texas\"},\"image\":{\"@id\":\"https:\\\/\\\/www.powerscreentx.com\\\/es\\\/#\\\/schema\\\/logo\\\/image\\\/\"}}]}<\/script>\n<!-- \/ Yoast SEO plugin. -->","yoast_head_json":{"title":"Soluciones de lavado de \u00e1ridos | Powerscreen of Texas","description":"Las soluciones de lavado de materiales est\u00e1n dise\u00f1adas para proporcionar una producci\u00f3n de arena de la m\u00e1s alta calidad mediante un lavado, una clasificaci\u00f3n y una deshidrataci\u00f3n eficaces.","robots":{"index":"index","follow":"follow","max-snippet":"max-snippet:-1","max-image-preview":"max-image-preview:large","max-video-preview":"max-video-preview:-1"},"canonical":"https:\/\/www.powerscreentx.com\/es\/categorias\/lavado\/","og_locale":"es_ES","og_type":"article","og_title":"Soluciones de lavado de \u00e1ridos | Powerscreen of Texas","og_description":"Las soluciones de lavado de materiales est\u00e1n dise\u00f1adas para proporcionar una producci\u00f3n de arena de la m\u00e1s alta calidad mediante un lavado, una clasificaci\u00f3n y una deshidrataci\u00f3n eficaces.","og_url":"https:\/\/www.powerscreentx.com\/es\/categorias\/lavado\/","og_site_name":"Powerscreen Texas","article_modified_time":"2025-01-10T11:21:24+00:00","twitter_card":"summary_large_image","schema":{"@context":"https:\/\/schema.org","@graph":[{"@type":"WebPage","@id":"https:\/\/www.powerscreentx.com\/es\/categorias\/lavado\/","url":"https:\/\/www.powerscreentx.com\/es\/categorias\/lavado\/","name":"Soluciones de lavado de \u00e1ridos | Powerscreen of Texas","isPartOf":{"@id":"https:\/\/www.powerscreentx.com\/es\/#website"},"datePublished":"2023-02-07T00:24:19+00:00","dateModified":"2025-01-10T11:21:24+00:00","description":"Las soluciones de lavado de materiales est\u00e1n dise\u00f1adas para proporcionar una producci\u00f3n de arena de la m\u00e1s alta calidad mediante un lavado, una clasificaci\u00f3n y una deshidrataci\u00f3n eficaces.","breadcrumb":{"@id":"https:\/\/www.powerscreentx.com\/es\/categorias\/lavado\/#breadcrumb"},"inLanguage":"es","potentialAction":[{"@type":"ReadAction","target":["https:\/\/www.powerscreentx.com\/es\/categorias\/lavado\/"]}]},{"@type":"BreadcrumbList","@id":"https:\/\/www.powerscreentx.com\/es\/categorias\/lavado\/#breadcrumb","itemListElement":[{"@type":"ListItem","position":1,"name":"Hogar","item":"https:\/\/www.powerscreentx.com\/es\/"},{"@type":"ListItem","position":2,"name":"Categor\u00edas","item":"https:\/\/www.powerscreentx.com\/es\/categorias\/"},{"@type":"ListItem","position":3,"name":"Lavado"}]},{"@type":"WebSite","@id":"https:\/\/www.powerscreentx.com\/es\/#website","url":"https:\/\/www.powerscreentx.com\/es\/","name":"Powerscreen Texas","description":"","publisher":{"@id":"https:\/\/www.powerscreentx.com\/es\/#organization"},"potentialAction":[{"@type":"SearchAction","target":{"@type":"EntryPoint","urlTemplate":"https:\/\/www.powerscreentx.com\/es\/?s={search_term_string}"},"query-input":{"@type":"PropertyValueSpecification","valueRequired":true,"valueName":"search_term_string"}}],"inLanguage":"es"},{"@type":"Organization","@id":"https:\/\/www.powerscreentx.com\/es\/#organization","name":"Powerscreen Texas","url":"https:\/\/www.powerscreentx.com\/es\/","logo":{"@type":"ImageObject","inLanguage":"es","@id":"https:\/\/www.powerscreentx.com\/es\/#\/schema\/logo\/image\/","url":"","contentUrl":"","caption":"Powerscreen Texas"},"image":{"@id":"https:\/\/www.powerscreentx.com\/es\/#\/schema\/logo\/image\/"}}]}},"_links":{"self":[{"href":"https:\/\/www.powerscreentx.com\/es\/wp-json\/wp\/v2\/pages\/62503","targetHints":{"allow":["GET"]}}],"collection":[{"href":"https:\/\/www.powerscreentx.com\/es\/wp-json\/wp\/v2\/pages"}],"about":[{"href":"https:\/\/www.powerscreentx.com\/es\/wp-json\/wp\/v2\/types\/page"}],"author":[{"embeddable":true,"href":"https:\/\/www.powerscreentx.com\/es\/wp-json\/wp\/v2\/users\/6"}],"replies":[{"embeddable":true,"href":"https:\/\/www.powerscreentx.com\/es\/wp-json\/wp\/v2\/comments?post=62503"}],"version-history":[{"count":2,"href":"https:\/\/www.powerscreentx.com\/es\/wp-json\/wp\/v2\/pages\/62503\/revisions"}],"predecessor-version":[{"id":62841,"href":"https:\/\/www.powerscreentx.com\/es\/wp-json\/wp\/v2\/pages\/62503\/revisions\/62841"}],"up":[{"embeddable":true,"href":"https:\/\/www.powerscreentx.com\/es\/wp-json\/wp\/v2\/pages\/62469"}],"wp:attachment":[{"href":"https:\/\/www.powerscreentx.com\/es\/wp-json\/wp\/v2\/media?parent=62503"}],"curies":[{"name":"wp","href":"https:\/\/api.w.org\/{rel}","templated":true}]}}