{"id":62490,"date":"2023-02-06T16:13:21","date_gmt":"2023-02-07T00:13:21","guid":{"rendered":"https:\/\/www.powerscreentx.com\/categorias\/trituradoras-de-cono\/"},"modified":"2025-01-08T08:10:12","modified_gmt":"2025-01-08T16:10:12","slug":"trituradoras-de-cono","status":"publish","type":"page","link":"https:\/\/www.powerscreentx.com\/es\/categorias\/trituradoras-de-cono\/","title":{"rendered":"Trituradoras de cono"},"content":{"rendered":"\n\n<div class=\"container\">\n\n    <div class=\"block-header-container\">\n\n                    <h2 class=\"block-header text-center \">Trituraci\u00f3n eficiente<\/h2>\n                            <div class=\"written block-text lg:text-lg\">Las trituradoras de cono son equipos esenciales para una reducci\u00f3n de tama\u00f1o eficaz en la industria de los \u00e1ridos.\nEstas m\u00e1quinas utilizan una c\u00e1mara de trituraci\u00f3n en forma de cono que comprime el material entre un manto y un c\u00f3ncavo. <\/div>\n        \n\n    <\/div>\n\n<pre><\/pre>\n    \n<form class=\"sort-wrapper container\" name=\"ps-sortform\" action=\"#\" method=\"get\">\n        <div class=\"filters\">\n                            <select class=\"dynamic-sort\" name=\"brand filter-select\" id=\"brand\">\n                     <option value=\"default\" disabled selected>Marca<\/option>\n                   <option value=\"powerscreen\">POWERSCREEN<\/option>                <\/select>\n            \n            \n                <select class=\"dynamic-sort\" name=\"category filter-select\" id=\"category\">\n\n                    <option value=\"default\" disabled selected>Categor\u00eda<\/option>\n                                                                        <option value=\"trituradoras-de-cono\">Trituradoras de cono<\/option>\n                                                            <\/select>\n\n            \n                    <\/div>\n\n                \n        <p class=\"product-count flex items-center\">4 Productos<\/p>\n        \n        <div class=\"sort-by\">\n            <select class=\"dynamic-sort\" name=\"sortby\" id=\"sorter\">\n                                                                                        <option value=\"default\" disabled selected>Ordenar por<\/option>\n                                                                                                                                    <option value=\"machine-weight\">Machine Weight<\/option>\n                                                                                                                                    <option value=\"title-asc\">Name (A-Z)<\/option>\n                                                                                                                                    <option value=\"title-desc\">Name (Z-A)<\/option>\n                                                                        <\/select>\n        <\/div>\n                <input type=\"hidden\" name=\"sorter\" value=\"submit\">\n    <\/form>\n<div class=\"container ranges-single\">\n\n    \n            <div class=\"product-card\">\n                <div class=\"product-card-inner\">\n                                        <div class=\"pc-image\" style=\"background-image:url(https:\/\/www.powerscreentx.com\/wp-content\/uploads\/2023\/02\/product-images_0007s_0000_1150-Maxtrak-Direct-Feed-Pers-RHS.png)\"><\/div>\n                    <h3>1150 Maxtrak<\/h3>\n                    <div class=\"pc-tag_wrapper\">\n                        <div class=\"pc-tag\">Trituradoras de cono<\/div>                    <\/div>\n                    <div class=\"pc-shortdesc\">\n                        La Powerscreen 1150 Maxtrak es una trituradora de cono m\u00f3vil sobre orugas de tama\u00f1o medio y alto&#8230;                    <\/div>\n                <\/div>\n                <div class=\"product-card-links\">\n                    <a href=\"https:\/\/www.powerscreentx.com\/es\/powerscreenproduct\/1150-maxtrak\/\" class=\"text-black underline uppercase font-quicksand hover:text-teal\">\n                        Ver detalles del modelo                    <\/a>\n                                            <a class=\"pc-button pc-button-primary\" href=\"\/wp-content\/uploads\/2023\/03\/Powerscreen-1150-Maxtrak-Brochure-EN-2018.pdf\" download=\"brochure\">\n                            Descargar folleto                        <\/a>\n                                        <button class=\"pc-button pc-button-secondary\">\n                        <div onclick=\"quotepopup('1150 Maxtrak')\">\n                            Solicitar una cotizaci\u00f3n                        <\/div>\n                    <\/button>\n                <\/div>\n            <\/div>\n    \n            <div class=\"product-card\">\n                <div class=\"product-card-inner\">\n                                        <div class=\"pc-image\" style=\"background-image:url(https:\/\/www.powerscreentx.com\/wp-content\/uploads\/2025\/06\/powerscreen-1300x-maxtrak-cone-crusher.png)\"><\/div>\n                    <h3>1300 Maxtrak<\/h3>\n                    <div class=\"pc-tag_wrapper\">\n                        <div class=\"pc-tag\">Trituradoras de cono<\/div>                    <\/div>\n                    <div class=\"pc-shortdesc\">\n                        La Powerscreen\u00ae 1300 Maxtrak es una planta trituradora de cono port\u00e1til ideal para aplicaciones&#8230;                    <\/div>\n                <\/div>\n                <div class=\"product-card-links\">\n                    <a href=\"https:\/\/www.powerscreentx.com\/es\/powerscreenproduct\/1300-maxtrak-2\/\" class=\"text-black underline uppercase font-quicksand hover:text-teal\">\n                        Ver detalles del modelo                    <\/a>\n                                            <a class=\"pc-button pc-button-primary\" href=\"\/wp-content\/uploads\/2023\/03\/Powerscreen-1300-Maxtrak-Brochure-EN-2018.pdf\" download=\"brochure\">\n                            Descargar folleto                        <\/a>\n                                        <button class=\"pc-button pc-button-secondary\">\n                        <div onclick=\"quotepopup('1300 Maxtrak')\">\n                            Solicitar una cotizaci\u00f3n                        <\/div>\n                    <\/button>\n                <\/div>\n            <\/div>\n    \n            <div class=\"product-card\">\n                <div class=\"product-card-inner\">\n                                        <div class=\"pc-image\" style=\"background-image:url(https:\/\/www.powerscreentx.com\/wp-content\/uploads\/2023\/02\/product-images_0000s_0030_Maxtrak-1000-render-2.png)\"><\/div>\n                    <h3>1000 Maxtrak<\/h3>\n                    <div class=\"pc-tag_wrapper\">\n                        <div class=\"pc-tag\">Trituradoras de cono<\/div>                    <\/div>\n                    <div class=\"pc-shortdesc\">\n                        La trituradora de rocas port\u00e1til de alto rendimiento Powerscreen\u00ae 1000 Maxtrak est\u00e1 dise\u00f1ada&#8230;                    <\/div>\n                <\/div>\n                <div class=\"product-card-links\">\n                    <a href=\"https:\/\/www.powerscreentx.com\/es\/powerscreenproduct\/1000-maxtrak\/\" class=\"text-black underline uppercase font-quicksand hover:text-teal\">\n                        Ver detalles del modelo                    <\/a>\n                                            <a class=\"pc-button pc-button-primary\" href=\"\/wp-content\/uploads\/2023\/03\/Powerscreen-1000-Maxtrak-Brochure-EN-2018.pdf\" download=\"brochure\">\n                            Descargar folleto                        <\/a>\n                                        <button class=\"pc-button pc-button-secondary\">\n                        <div onclick=\"quotepopup('1000 Maxtrak')\">\n                            Solicitar una cotizaci\u00f3n                        <\/div>\n                    <\/button>\n                <\/div>\n            <\/div>\n    \n            <div class=\"product-card\">\n                <div class=\"product-card-inner\">\n                                        <div class=\"pc-image\" style=\"background-image:url(https:\/\/www.powerscreentx.com\/wp-content\/uploads\/2023\/02\/product-images_0007s_0035_1300-Maxtrak-Pers-LHS.png)\"><\/div>\n                    <h3>1300 Maxtrak<\/h3>\n                    <div class=\"pc-tag_wrapper\">\n                        <div class=\"pc-tag\">Trituradoras de cono<\/div>                    <\/div>\n                    <div class=\"pc-shortdesc\">\n                        La Powerscreen\u00ae 1300 Maxtrak es una planta trituradora de cono port\u00e1til ideal para aplicaciones&#8230;                    <\/div>\n                <\/div>\n                <div class=\"product-card-links\">\n                    <a href=\"https:\/\/www.powerscreentx.com\/es\/powerscreenproduct\/1300-maxtrak\/\" class=\"text-black underline uppercase font-quicksand hover:text-teal\">\n                        Ver detalles del modelo                    <\/a>\n                                            <a class=\"pc-button pc-button-primary\" href=\"\/wp-content\/uploads\/2023\/03\/Powerscreen-1300-Maxtrak-Brochure-EN-2018.pdf\" download=\"brochure\">\n                            Descargar folleto                        <\/a>\n                                        <button class=\"pc-button pc-button-secondary\">\n                        <div onclick=\"quotepopup('1300 Maxtrak')\">\n                            Solicitar una cotizaci\u00f3n                        <\/div>\n                    <\/button>\n                <\/div>\n            <\/div>\n    <\/div>\n\n    \n<style>\n    .pagination {\n    display: flex;\n    flex-direction: row;\n    align-items: center;\n    justify-content: center;\n    margin-bottom: 45px;\n}\n\n.page-numbers {\n    padding: 5px;\n    margin: 0 5px;\n    width: 30px;\n    background: red;\n    height: 30px;\n    display: flex;\n    justify-content: center;\n    align-items: center;\n    border: 2px solid red;\n    border-radius: 5px;\n    color: white;\n}\n\n.page-numbers.current {\n    background-color: transparent;\n    color: black;\n}\n<\/style><\/div>\n<section id=\"two-col-block_99cc824f8f34c68bfed47e0a319cf95e\" class=\"two-col-block py-0 ccolumn-bg bg-primary margin-top-20 margin-bottom-20\">\n    \n    <div class=\"two-col-container                                  \">\n        <div class=\"grid grid-cols-1 mb-5 lg:grid-cols-2 lg:mb-0\" style=\"background-color:                                                                                           transparent;\">\n            \n                <div class=\"two-col-column-1                                             two-col-order-1\">\n                                            <img decoding=\"async\" class=\"two-col-image\" src=\"https:\/\/www.powerscreentx.com\/wp-content\/uploads\/2023\/10\/CRC1350-Cone-Plant97442ab3-8048-4c4a-9fda-a17f4ba8c067.png\" alt=\"\"\/>\n                    \n\n\n                   \n\n\n                   \n\n\n                <\/div>\n\n\n\n                <div class=\"two-col-column-2                                             two-col-order-2\">\n                    <div class=\"two-col-padding-right\" style=\"padding-top:15px;padding-bottom:15px;\">\n\n                                                    <h2 class=\"two-col-headingtext-white\">Aplasta con precisi\u00f3n y potencia<\/h2>\n                        \n                        \n                                                            <div class=\"two-col-text writtentext-grey-400\"><p>Un dise\u00f1o robusto y una tecnolog\u00eda avanzada permiten que las trituradoras de cono proporcionen \u00e1ridos consistentes y de alta calidad para diversas aplicaciones.<\/p>\n<p>Ya sea en la construcci\u00f3n de carreteras, la miner\u00eda o la producci\u00f3n de hormig\u00f3n, las trituradoras de cono garantizan una granulometr\u00eda \u00f3ptima y productos finales superiores.<\/p>\n<p>Prep\u00e1rate para experimentar una trituraci\u00f3n eficiente con las trituradoras de cono.<\/p>\n<\/div>\n                            \n                                                                                                <a class=\"button-primary button-col-primary\" href=\"https:\/\/www.powerscreentx.com\/categories\/cone-crushers\/\">M\u00e1s informaci\u00f3n<\/a>\n                                                            \n                                            <\/div>\n                <\/div>\n\n\n                    <\/div>\n    <\/div>\n<\/section>\n<section id=\"two-col-block_a4708524ee53157c4d612190945df487\" class=\"two-col-block py-12 lg:py-24 ccolumn-bg bg-transparent margin-top-20 margin-bottom-20\">\n    \n    <div class=\"two-col-container                                  container\">\n        <div class=\"grid grid-cols-1 mb-5 lg:grid-cols-2 lg:mb-0\" style=\"background-color:                                                                                           transparent;\">\n            \n                <div class=\"two-col-column-1                                             two-col-order-2\">\n                                            <img decoding=\"async\" class=\"two-col-image\" src=\"https:\/\/www.powerscreentx.com\/wp-content\/uploads\/2023\/10\/CRC1350-ISO-front-left-05.png\" alt=\"\"\/>\n                    \n\n\n                   \n\n\n                   \n\n\n                <\/div>\n\n\n\n                <div class=\"two-col-column-2                                             two-col-order-1\">\n                    <div class=\"two-col-padding-left\" style=\"padding-top:15px;padding-bottom:15px;\">\n\n                                                    <h2 class=\"two-col-headingtext-primary\">Comprometidos con la soluci\u00f3n adecuada<\/h2>\n                        \n                        \n                                                            <div class=\"two-col-text writtentext-grey\"><p>Nuestro equipo de expertos del sector tiene a\u00f1os de experiencia y un conocimiento de la amplia gama de opciones de maquinaria.<br \/>\nEsto significa que podemos trabajar contigo para comprender tus objetivos y aconsejarte la mejor soluci\u00f3n que se ajuste a tu presupuesto, al tiempo que logras tus metas. <\/p>\n<\/div>\n                            \n                                                                                                <a class=\"button-primary button-col-primary\" href=\"https:\/\/www.powerscreentx.com\/contact\/\">Contacte con nosotros<\/a>\n                                                            \n                                            <\/div>\n                <\/div>\n\n\n                    <\/div>\n    <\/div>\n<\/section>","protected":false},"excerpt":{"rendered":"","protected":false},"author":6,"featured_media":0,"parent":62469,"menu_order":0,"comment_status":"closed","ping_status":"closed","template":"","meta":{"_acf_changed":false,"footnotes":""},"class_list":["post-62490","page","type-page","status-publish","hentry"],"acf":[],"yoast_head":"<!-- This site is optimized with the Yoast SEO plugin v27.3 - https:\/\/yoast.com\/product\/yoast-seo-wordpress\/ -->\n<title>Trituradoras de cono - Powerscreen Texas<\/title>\n<meta name=\"description\" content=\"We are a leading independent new &amp; used industrial equipment dealer. Learn more about Trituradoras de cono here.\" \/>\n<meta name=\"robots\" content=\"index, follow, max-snippet:-1, max-image-preview:large, max-video-preview:-1\" \/>\n<link rel=\"canonical\" href=\"https:\/\/www.powerscreentx.com\/es\/categorias\/trituradoras-de-cono\/\" \/>\n<meta property=\"og:locale\" content=\"es_ES\" \/>\n<meta property=\"og:type\" content=\"article\" \/>\n<meta property=\"og:title\" content=\"Trituradoras de cono - Powerscreen Texas\" \/>\n<meta property=\"og:description\" content=\"We are a leading independent new &amp; used industrial equipment dealer. Learn more about Trituradoras de cono here.\" \/>\n<meta property=\"og:url\" content=\"https:\/\/www.powerscreentx.com\/es\/categorias\/trituradoras-de-cono\/\" \/>\n<meta property=\"og:site_name\" content=\"Powerscreen Texas\" \/>\n<meta property=\"article:modified_time\" content=\"2025-01-08T16:10:12+00:00\" \/>\n<meta name=\"twitter:card\" content=\"summary_large_image\" \/>\n<script type=\"application\/ld+json\" class=\"yoast-schema-graph\">{\"@context\":\"https:\\\/\\\/schema.org\",\"@graph\":[{\"@type\":\"WebPage\",\"@id\":\"https:\\\/\\\/www.powerscreentx.com\\\/es\\\/categorias\\\/trituradoras-de-cono\\\/\",\"url\":\"https:\\\/\\\/www.powerscreentx.com\\\/es\\\/categorias\\\/trituradoras-de-cono\\\/\",\"name\":\"Trituradoras de cono - Powerscreen Texas\",\"isPartOf\":{\"@id\":\"https:\\\/\\\/www.powerscreentx.com\\\/es\\\/#website\"},\"datePublished\":\"2023-02-07T00:13:21+00:00\",\"dateModified\":\"2025-01-08T16:10:12+00:00\",\"description\":\"We are a leading independent new &amp; used industrial equipment dealer. Learn more about Trituradoras de cono here.\",\"breadcrumb\":{\"@id\":\"https:\\\/\\\/www.powerscreentx.com\\\/es\\\/categorias\\\/trituradoras-de-cono\\\/#breadcrumb\"},\"inLanguage\":\"es\",\"potentialAction\":[{\"@type\":\"ReadAction\",\"target\":[\"https:\\\/\\\/www.powerscreentx.com\\\/es\\\/categorias\\\/trituradoras-de-cono\\\/\"]}]},{\"@type\":\"BreadcrumbList\",\"@id\":\"https:\\\/\\\/www.powerscreentx.com\\\/es\\\/categorias\\\/trituradoras-de-cono\\\/#breadcrumb\",\"itemListElement\":[{\"@type\":\"ListItem\",\"position\":1,\"name\":\"Hogar\",\"item\":\"https:\\\/\\\/www.powerscreentx.com\\\/es\\\/\"},{\"@type\":\"ListItem\",\"position\":2,\"name\":\"Categor\u00edas\",\"item\":\"https:\\\/\\\/www.powerscreentx.com\\\/es\\\/categorias\\\/\"},{\"@type\":\"ListItem\",\"position\":3,\"name\":\"Trituradoras de cono\"}]},{\"@type\":\"WebSite\",\"@id\":\"https:\\\/\\\/www.powerscreentx.com\\\/es\\\/#website\",\"url\":\"https:\\\/\\\/www.powerscreentx.com\\\/es\\\/\",\"name\":\"Powerscreen Texas\",\"description\":\"\",\"publisher\":{\"@id\":\"https:\\\/\\\/www.powerscreentx.com\\\/es\\\/#organization\"},\"potentialAction\":[{\"@type\":\"SearchAction\",\"target\":{\"@type\":\"EntryPoint\",\"urlTemplate\":\"https:\\\/\\\/www.powerscreentx.com\\\/es\\\/?s={search_term_string}\"},\"query-input\":{\"@type\":\"PropertyValueSpecification\",\"valueRequired\":true,\"valueName\":\"search_term_string\"}}],\"inLanguage\":\"es\"},{\"@type\":\"Organization\",\"@id\":\"https:\\\/\\\/www.powerscreentx.com\\\/es\\\/#organization\",\"name\":\"Powerscreen Texas\",\"url\":\"https:\\\/\\\/www.powerscreentx.com\\\/es\\\/\",\"logo\":{\"@type\":\"ImageObject\",\"inLanguage\":\"es\",\"@id\":\"https:\\\/\\\/www.powerscreentx.com\\\/es\\\/#\\\/schema\\\/logo\\\/image\\\/\",\"url\":\"\",\"contentUrl\":\"\",\"caption\":\"Powerscreen Texas\"},\"image\":{\"@id\":\"https:\\\/\\\/www.powerscreentx.com\\\/es\\\/#\\\/schema\\\/logo\\\/image\\\/\"}}]}<\/script>\n<!-- \/ Yoast SEO plugin. -->","yoast_head_json":{"title":"Trituradoras de cono - Powerscreen Texas","description":"We are a leading independent new &amp; used industrial equipment dealer. Learn more about Trituradoras de cono here.","robots":{"index":"index","follow":"follow","max-snippet":"max-snippet:-1","max-image-preview":"max-image-preview:large","max-video-preview":"max-video-preview:-1"},"canonical":"https:\/\/www.powerscreentx.com\/es\/categorias\/trituradoras-de-cono\/","og_locale":"es_ES","og_type":"article","og_title":"Trituradoras de cono - Powerscreen Texas","og_description":"We are a leading independent new &amp; used industrial equipment dealer. Learn more about Trituradoras de cono here.","og_url":"https:\/\/www.powerscreentx.com\/es\/categorias\/trituradoras-de-cono\/","og_site_name":"Powerscreen Texas","article_modified_time":"2025-01-08T16:10:12+00:00","twitter_card":"summary_large_image","schema":{"@context":"https:\/\/schema.org","@graph":[{"@type":"WebPage","@id":"https:\/\/www.powerscreentx.com\/es\/categorias\/trituradoras-de-cono\/","url":"https:\/\/www.powerscreentx.com\/es\/categorias\/trituradoras-de-cono\/","name":"Trituradoras de cono - Powerscreen Texas","isPartOf":{"@id":"https:\/\/www.powerscreentx.com\/es\/#website"},"datePublished":"2023-02-07T00:13:21+00:00","dateModified":"2025-01-08T16:10:12+00:00","description":"We are a leading independent new &amp; used industrial equipment dealer. Learn more about Trituradoras de cono here.","breadcrumb":{"@id":"https:\/\/www.powerscreentx.com\/es\/categorias\/trituradoras-de-cono\/#breadcrumb"},"inLanguage":"es","potentialAction":[{"@type":"ReadAction","target":["https:\/\/www.powerscreentx.com\/es\/categorias\/trituradoras-de-cono\/"]}]},{"@type":"BreadcrumbList","@id":"https:\/\/www.powerscreentx.com\/es\/categorias\/trituradoras-de-cono\/#breadcrumb","itemListElement":[{"@type":"ListItem","position":1,"name":"Hogar","item":"https:\/\/www.powerscreentx.com\/es\/"},{"@type":"ListItem","position":2,"name":"Categor\u00edas","item":"https:\/\/www.powerscreentx.com\/es\/categorias\/"},{"@type":"ListItem","position":3,"name":"Trituradoras de cono"}]},{"@type":"WebSite","@id":"https:\/\/www.powerscreentx.com\/es\/#website","url":"https:\/\/www.powerscreentx.com\/es\/","name":"Powerscreen Texas","description":"","publisher":{"@id":"https:\/\/www.powerscreentx.com\/es\/#organization"},"potentialAction":[{"@type":"SearchAction","target":{"@type":"EntryPoint","urlTemplate":"https:\/\/www.powerscreentx.com\/es\/?s={search_term_string}"},"query-input":{"@type":"PropertyValueSpecification","valueRequired":true,"valueName":"search_term_string"}}],"inLanguage":"es"},{"@type":"Organization","@id":"https:\/\/www.powerscreentx.com\/es\/#organization","name":"Powerscreen Texas","url":"https:\/\/www.powerscreentx.com\/es\/","logo":{"@type":"ImageObject","inLanguage":"es","@id":"https:\/\/www.powerscreentx.com\/es\/#\/schema\/logo\/image\/","url":"","contentUrl":"","caption":"Powerscreen Texas"},"image":{"@id":"https:\/\/www.powerscreentx.com\/es\/#\/schema\/logo\/image\/"}}]}},"_links":{"self":[{"href":"https:\/\/www.powerscreentx.com\/es\/wp-json\/wp\/v2\/pages\/62490","targetHints":{"allow":["GET"]}}],"collection":[{"href":"https:\/\/www.powerscreentx.com\/es\/wp-json\/wp\/v2\/pages"}],"about":[{"href":"https:\/\/www.powerscreentx.com\/es\/wp-json\/wp\/v2\/types\/page"}],"author":[{"embeddable":true,"href":"https:\/\/www.powerscreentx.com\/es\/wp-json\/wp\/v2\/users\/6"}],"replies":[{"embeddable":true,"href":"https:\/\/www.powerscreentx.com\/es\/wp-json\/wp\/v2\/comments?post=62490"}],"version-history":[{"count":1,"href":"https:\/\/www.powerscreentx.com\/es\/wp-json\/wp\/v2\/pages\/62490\/revisions"}],"predecessor-version":[{"id":62491,"href":"https:\/\/www.powerscreentx.com\/es\/wp-json\/wp\/v2\/pages\/62490\/revisions\/62491"}],"up":[{"embeddable":true,"href":"https:\/\/www.powerscreentx.com\/es\/wp-json\/wp\/v2\/pages\/62469"}],"wp:attachment":[{"href":"https:\/\/www.powerscreentx.com\/es\/wp-json\/wp\/v2\/media?parent=62490"}],"curies":[{"name":"wp","href":"https:\/\/api.w.org\/{rel}","templated":true}]}}