{"id":62440,"date":"2024-04-09T08:10:49","date_gmt":"2024-04-09T15:10:49","guid":{"rendered":"https:\/\/www.powerscreentx.com\/alquiler\/manipuladores-de-chatarra\/"},"modified":"2025-01-08T08:08:11","modified_gmt":"2025-01-08T16:08:11","slug":"manipuladores-de-chatarra","status":"publish","type":"page","link":"https:\/\/www.powerscreentx.com\/es\/alquiler\/manipuladores-de-chatarra\/","title":{"rendered":"Manipuladores de chatarra"},"content":{"rendered":"\n\n<div class=\"container\">\n\n    <div class=\"block-header-container\">\n\n                    <h1 class=\"block-header text-center \">Soluciones de Alquiler de Manipulaci\u00f3n de Residuos y Chatarra<\/h1>\n                            <div class=\"written block-text lg:text-lg\">Tanto los manipuladores de residuos como los de chatarra son esenciales para ayudar a reciclar y recuperar materiales para su reutilizaci\u00f3n. Se encargan de recoger materiales de diversas fuentes y clasificarlos seg\u00fan su tipo y grado. Deben ser capaces de identificar los distintos tipos de residuos y chatarra para poder determinar su valor.<\/div>\n        \n\n    <\/div>\n\n<pre><\/pre>\n    \n<form class=\"sort-wrapper container\" name=\"ps-sortform\" action=\"#\" method=\"get\">\n        <div class=\"filters\">\n                            <select class=\"dynamic-sort\" name=\"brand filter-select\" id=\"brand\">\n                     <option value=\"default\" disabled selected>Marca<\/option>\n                                   <\/select>\n            \n            \n                <select class=\"dynamic-sort\" name=\"category filter-select\" id=\"category\">\n\n                    <option value=\"default\" disabled selected>Categor\u00eda<\/option>\n                                    <\/select>\n\n            \n                    <\/div>\n\n                \n        <p class=\"product-count flex items-center\">0 Productos<\/p>\n        \n        <div class=\"sort-by\">\n            <select class=\"dynamic-sort\" name=\"sortby\" id=\"sorter\">\n                                                                                        <option value=\"default\" disabled selected>Ordenar por<\/option>\n                                                                                                                                    <option value=\"machine-weight\">Machine Weight<\/option>\n                                                                                                                                    <option value=\"title-asc\">Name (A-Z)<\/option>\n                                                                                                                                    <option value=\"title-desc\">Name (Z-A)<\/option>\n                                                                        <\/select>\n        <\/div>\n                <input type=\"hidden\" name=\"sorter\" value=\"submit\">\n    <\/form>\n<div class=\"container ranges-single\">\n\n    No se encontraron productos<\/div>\n\n    \n<style>\n    .pagination {\n    display: flex;\n    flex-direction: row;\n    align-items: center;\n    justify-content: center;\n    margin-bottom: 45px;\n}\n\n.page-numbers {\n    padding: 5px;\n    margin: 0 5px;\n    width: 30px;\n    background: red;\n    height: 30px;\n    display: flex;\n    justify-content: center;\n    align-items: center;\n    border: 2px solid red;\n    border-radius: 5px;\n    color: white;\n}\n\n.page-numbers.current {\n    background-color: transparent;\n    color: black;\n}\n<\/style><\/div>\n<section id=\"two-col-block_f5eac42d7fbcfe50bc6002206700f78f\" class=\"two-col-block py-0 ccolumn-bg bg-primary margin-top-20 margin-bottom-20\">\n    \n    <div class=\"two-col-container                                  \">\n        <div class=\"grid grid-cols-1 mb-5 lg:grid-cols-2 lg:mb-0\" style=\"background-color:                                                                                           transparent;\">\n            \n                <div class=\"two-col-column-1                                             two-col-order-1\">\n                                            <img decoding=\"async\" class=\"two-col-image\" src=\"https:\/\/www.powerscreentx.com\/wp-content\/uploads\/2023\/03\/MHL390_F_02_Edited_tj8grp.jpeg\" alt=\"\"\/>\n                    \n\n\n                   \n\n\n                   \n\n\n                <\/div>\n\n\n\n                <div class=\"two-col-column-2                                             two-col-order-2\">\n                    <div class=\"two-col-padding-right\" style=\"padding-top:15px;padding-bottom:15px;\">\n\n                                                    <h2 class=\"two-col-headingtext-white\">Alcanzar nuevas cotas<\/h2>\n                        \n                        \n                                                            <div class=\"two-col-text writtentext-grey-400\"><p>Los manipuladores de residuos y chatarra est\u00e1n dise\u00f1ados para proporcionar soluciones de manipulaci\u00f3n eficaces y rentables para la industria del reciclaje.<br \/>\nEst\u00e1n dise\u00f1ados para manipular una amplia variedad de materiales, como chatarra f\u00e9rrica y no f\u00e9rrica, escombros de demolici\u00f3n y madera. <\/p>\n<\/div>\n                            \n                                                                                                <a class=\"button-primary button-col-primary\" href=\"https:\/\/www.powerscreentx.com\/categories\/scrap-handlers\/\">M\u00e1s informaci\u00f3n<\/a>\n                                                            \n                                            <\/div>\n                <\/div>\n\n\n                    <\/div>\n    <\/div>\n<\/section>\n<section id=\"two-col-block_f6ccd433252a87cfc7c244e741295653\" class=\"two-col-block py-12 lg:py-24 ccolumn-bg bg-transparent margin-top-20 margin-bottom-20\">\n    \n    <div class=\"two-col-container                                  container\">\n        <div class=\"grid grid-cols-1 mb-5 lg:grid-cols-2 lg:mb-0\" style=\"background-color:                                                                                           transparent;\">\n            \n                <div class=\"two-col-column-1                                             two-col-order-2\">\n                                            <img decoding=\"async\" class=\"two-col-image\" src=\"https:\/\/www.powerscreentx.com\/wp-content\/uploads\/2023\/03\/370-1.png\" alt=\"\"\/>\n                    \n\n\n                   \n\n\n                   \n\n\n                <\/div>\n\n\n\n                <div class=\"two-col-column-2                                             two-col-order-1\">\n                    <div class=\"two-col-padding-left\" style=\"padding-top:15px;padding-bottom:15px;\">\n\n                                                    <h2 class=\"two-col-headingtext-primary\">Comprometidos con la soluci\u00f3n adecuada<\/h2>\n                        \n                        \n                                                            <div class=\"two-col-text writtentext-grey\"><p>Nuestro equipo de expertos del sector tiene a\u00f1os de experiencia y un conocimiento de la amplia gama de opciones de maquinaria.<br \/>\nEsto significa que podemos trabajar contigo para comprender tus objetivos y aconsejarte la mejor soluci\u00f3n que se ajuste a tu presupuesto, al tiempo que logras tus metas. <\/p>\n<\/div>\n                            \n                                                                                                <a class=\"button-primary button-col-primary\" href=\"https:\/\/www.powerscreentx.com\/contact-page\/\">Contacte con nosotros<\/a>\n                                                            \n                                            <\/div>\n                <\/div>\n\n\n                    <\/div>\n    <\/div>\n<\/section>\n<section id=\"two-col-block_2fb21f9f4b5b8ceec49c107343cebba1\" class=\"two-col-block py-0 bg-transparent  \">\n    \n<div class=\"block-header-container\">\n            <h1 class=\"block-header text-center \">c\u00f3mo podemos ayudarle<\/h1>\n    \n                    <div class=\"written block-text lg:text-lg\"><p>Disponemos de una amplia gama de opciones de equipamiento y servicios de asistencia para ayudar a nuestros clientes a alcanzar sus objetivos de producci\u00f3n de la forma m\u00e1s eficaz y rentable.<\/p>\n<\/div>\n    \n    <\/div>\n    <div class=\"two-col-container                                  container\">\n        <div class=\"grid grid-cols-1 mb-5 lg:grid-cols-2 lg:mb-0\" style=\"background-color:                                                                                           transparent;\">\n                    \n    <div class=\"custom-call-to-action-outer \" style=\"\">\n    \n        <div class=\"custom-call-to-action\" >\n                            <h3 class=\"cta-heading\">Equipos usados<\/h3>\n                            <p class=\"cta-text\">Si no desea adquirir una m\u00e1quina nueva, nuestro equipo de expertos en equipos usados dispone de una gama de opciones de maquinaria usada que puede considerar.<\/p>\n            \n\n                        \n\n                                                                                            <a class=\"cta-button\" href=\"https:\/\/www.powerscreentx.com\/used\/\">Ver Stock Usado<\/a>\n                                                             \n\n\n\n        <\/div>\n\n    <\/div>\n        \n    <div class=\"custom-call-to-action-outer has-background-image\" style=\"background-image: url(https:\/\/www.powerscreentx.com\/wp-content\/uploads\/2023\/02\/Aftercare-2-600x402.png)\">\n    \n        <div class=\"custom-call-to-action\" >\n                            <h3 class=\"cta-heading\">Piezas y servicio<\/h3>\n                            <p class=\"cta-text\">El tiempo de actividad es fundamental, independientemente del tipo de equipo que utilices.\nSomos conscientes de ello y combinamos capacidades de servicio eficaces y piezas originales para que sigas produciendo. <\/p>\n            \n\n                        \n\n                                                                                            <a class=\"cta-button\" href=\"https:\/\/www.powerscreentx.com\/customer-support\/\">M\u00e1s informaci\u00f3n<\/a>\n                                                             \n\n\n\n        <\/div>\n\n    <\/div>\n        <\/div>\n    <\/div>\n<\/section>\n<div style=\"height:100px\" aria-hidden=\"true\" class=\"wp-block-spacer\"><\/div>\n","protected":false},"excerpt":{"rendered":"","protected":false},"author":7,"featured_media":0,"parent":62410,"menu_order":0,"comment_status":"closed","ping_status":"closed","template":"","meta":{"_acf_changed":false,"footnotes":""},"class_list":["post-62440","page","type-page","status-publish","hentry"],"acf":[],"yoast_head":"<!-- This site is optimized with the Yoast SEO plugin v27.3 - https:\/\/yoast.com\/product\/yoast-seo-wordpress\/ -->\n<title>Alquiler Manipuladores de chatarra - Powerscreen Texas<\/title>\n<meta name=\"description\" content=\"Somos un distribuidor independiente l\u00edder de equipos industriales nuevos y usados. M\u00e1s informaci\u00f3n sobre alquiler Manipuladores de chatarra aqu\u00ed.\" \/>\n<meta name=\"robots\" content=\"index, follow, max-snippet:-1, max-image-preview:large, max-video-preview:-1\" \/>\n<link rel=\"canonical\" href=\"https:\/\/www.powerscreentx.com\/es\/alquiler\/manipuladores-de-chatarra\/\" \/>\n<meta property=\"og:locale\" content=\"es_ES\" \/>\n<meta property=\"og:type\" content=\"article\" \/>\n<meta property=\"og:title\" content=\"Alquiler Manipuladores de chatarra - Powerscreen Texas\" \/>\n<meta property=\"og:description\" content=\"Somos un distribuidor independiente l\u00edder de equipos industriales nuevos y usados. M\u00e1s informaci\u00f3n sobre alquiler Manipuladores de chatarra aqu\u00ed.\" \/>\n<meta property=\"og:url\" content=\"https:\/\/www.powerscreentx.com\/es\/alquiler\/manipuladores-de-chatarra\/\" \/>\n<meta property=\"og:site_name\" content=\"Powerscreen Texas\" \/>\n<meta property=\"article:modified_time\" content=\"2025-01-08T16:08:11+00:00\" \/>\n<meta name=\"twitter:card\" content=\"summary_large_image\" \/>\n<script type=\"application\/ld+json\" class=\"yoast-schema-graph\">{\"@context\":\"https:\\\/\\\/schema.org\",\"@graph\":[{\"@type\":\"WebPage\",\"@id\":\"https:\\\/\\\/www.powerscreentx.com\\\/es\\\/alquiler\\\/manipuladores-de-chatarra\\\/\",\"url\":\"https:\\\/\\\/www.powerscreentx.com\\\/es\\\/alquiler\\\/manipuladores-de-chatarra\\\/\",\"name\":\"Alquiler Manipuladores de chatarra - Powerscreen Texas\",\"isPartOf\":{\"@id\":\"https:\\\/\\\/www.powerscreentx.com\\\/es\\\/#website\"},\"datePublished\":\"2024-04-09T15:10:49+00:00\",\"dateModified\":\"2025-01-08T16:08:11+00:00\",\"description\":\"Somos un distribuidor independiente l\u00edder de equipos industriales nuevos y usados. M\u00e1s informaci\u00f3n sobre alquiler Manipuladores de chatarra aqu\u00ed.\",\"breadcrumb\":{\"@id\":\"https:\\\/\\\/www.powerscreentx.com\\\/es\\\/alquiler\\\/manipuladores-de-chatarra\\\/#breadcrumb\"},\"inLanguage\":\"es\",\"potentialAction\":[{\"@type\":\"ReadAction\",\"target\":[\"https:\\\/\\\/www.powerscreentx.com\\\/es\\\/alquiler\\\/manipuladores-de-chatarra\\\/\"]}]},{\"@type\":\"BreadcrumbList\",\"@id\":\"https:\\\/\\\/www.powerscreentx.com\\\/es\\\/alquiler\\\/manipuladores-de-chatarra\\\/#breadcrumb\",\"itemListElement\":[{\"@type\":\"ListItem\",\"position\":1,\"name\":\"Hogar\",\"item\":\"https:\\\/\\\/www.powerscreentx.com\\\/es\\\/\"},{\"@type\":\"ListItem\",\"position\":2,\"name\":\"Alquiler\",\"item\":\"https:\\\/\\\/www.powerscreentx.com\\\/es\\\/alquiler\\\/\"},{\"@type\":\"ListItem\",\"position\":3,\"name\":\"Manipuladores de chatarra\"}]},{\"@type\":\"WebSite\",\"@id\":\"https:\\\/\\\/www.powerscreentx.com\\\/es\\\/#website\",\"url\":\"https:\\\/\\\/www.powerscreentx.com\\\/es\\\/\",\"name\":\"Powerscreen Texas\",\"description\":\"\",\"publisher\":{\"@id\":\"https:\\\/\\\/www.powerscreentx.com\\\/es\\\/#organization\"},\"potentialAction\":[{\"@type\":\"SearchAction\",\"target\":{\"@type\":\"EntryPoint\",\"urlTemplate\":\"https:\\\/\\\/www.powerscreentx.com\\\/es\\\/?s={search_term_string}\"},\"query-input\":{\"@type\":\"PropertyValueSpecification\",\"valueRequired\":true,\"valueName\":\"search_term_string\"}}],\"inLanguage\":\"es\"},{\"@type\":\"Organization\",\"@id\":\"https:\\\/\\\/www.powerscreentx.com\\\/es\\\/#organization\",\"name\":\"Powerscreen Texas\",\"url\":\"https:\\\/\\\/www.powerscreentx.com\\\/es\\\/\",\"logo\":{\"@type\":\"ImageObject\",\"inLanguage\":\"es\",\"@id\":\"https:\\\/\\\/www.powerscreentx.com\\\/es\\\/#\\\/schema\\\/logo\\\/image\\\/\",\"url\":\"\",\"contentUrl\":\"\",\"caption\":\"Powerscreen Texas\"},\"image\":{\"@id\":\"https:\\\/\\\/www.powerscreentx.com\\\/es\\\/#\\\/schema\\\/logo\\\/image\\\/\"}}]}<\/script>\n<!-- \/ Yoast SEO plugin. -->","yoast_head_json":{"title":"Alquiler Manipuladores de chatarra - Powerscreen Texas","description":"Somos un distribuidor independiente l\u00edder de equipos industriales nuevos y usados. M\u00e1s informaci\u00f3n sobre alquiler Manipuladores de chatarra aqu\u00ed.","robots":{"index":"index","follow":"follow","max-snippet":"max-snippet:-1","max-image-preview":"max-image-preview:large","max-video-preview":"max-video-preview:-1"},"canonical":"https:\/\/www.powerscreentx.com\/es\/alquiler\/manipuladores-de-chatarra\/","og_locale":"es_ES","og_type":"article","og_title":"Alquiler Manipuladores de chatarra - Powerscreen Texas","og_description":"Somos un distribuidor independiente l\u00edder de equipos industriales nuevos y usados. M\u00e1s informaci\u00f3n sobre alquiler Manipuladores de chatarra aqu\u00ed.","og_url":"https:\/\/www.powerscreentx.com\/es\/alquiler\/manipuladores-de-chatarra\/","og_site_name":"Powerscreen Texas","article_modified_time":"2025-01-08T16:08:11+00:00","twitter_card":"summary_large_image","schema":{"@context":"https:\/\/schema.org","@graph":[{"@type":"WebPage","@id":"https:\/\/www.powerscreentx.com\/es\/alquiler\/manipuladores-de-chatarra\/","url":"https:\/\/www.powerscreentx.com\/es\/alquiler\/manipuladores-de-chatarra\/","name":"Alquiler Manipuladores de chatarra - Powerscreen Texas","isPartOf":{"@id":"https:\/\/www.powerscreentx.com\/es\/#website"},"datePublished":"2024-04-09T15:10:49+00:00","dateModified":"2025-01-08T16:08:11+00:00","description":"Somos un distribuidor independiente l\u00edder de equipos industriales nuevos y usados. M\u00e1s informaci\u00f3n sobre alquiler Manipuladores de chatarra aqu\u00ed.","breadcrumb":{"@id":"https:\/\/www.powerscreentx.com\/es\/alquiler\/manipuladores-de-chatarra\/#breadcrumb"},"inLanguage":"es","potentialAction":[{"@type":"ReadAction","target":["https:\/\/www.powerscreentx.com\/es\/alquiler\/manipuladores-de-chatarra\/"]}]},{"@type":"BreadcrumbList","@id":"https:\/\/www.powerscreentx.com\/es\/alquiler\/manipuladores-de-chatarra\/#breadcrumb","itemListElement":[{"@type":"ListItem","position":1,"name":"Hogar","item":"https:\/\/www.powerscreentx.com\/es\/"},{"@type":"ListItem","position":2,"name":"Alquiler","item":"https:\/\/www.powerscreentx.com\/es\/alquiler\/"},{"@type":"ListItem","position":3,"name":"Manipuladores de chatarra"}]},{"@type":"WebSite","@id":"https:\/\/www.powerscreentx.com\/es\/#website","url":"https:\/\/www.powerscreentx.com\/es\/","name":"Powerscreen Texas","description":"","publisher":{"@id":"https:\/\/www.powerscreentx.com\/es\/#organization"},"potentialAction":[{"@type":"SearchAction","target":{"@type":"EntryPoint","urlTemplate":"https:\/\/www.powerscreentx.com\/es\/?s={search_term_string}"},"query-input":{"@type":"PropertyValueSpecification","valueRequired":true,"valueName":"search_term_string"}}],"inLanguage":"es"},{"@type":"Organization","@id":"https:\/\/www.powerscreentx.com\/es\/#organization","name":"Powerscreen Texas","url":"https:\/\/www.powerscreentx.com\/es\/","logo":{"@type":"ImageObject","inLanguage":"es","@id":"https:\/\/www.powerscreentx.com\/es\/#\/schema\/logo\/image\/","url":"","contentUrl":"","caption":"Powerscreen Texas"},"image":{"@id":"https:\/\/www.powerscreentx.com\/es\/#\/schema\/logo\/image\/"}}]}},"_links":{"self":[{"href":"https:\/\/www.powerscreentx.com\/es\/wp-json\/wp\/v2\/pages\/62440","targetHints":{"allow":["GET"]}}],"collection":[{"href":"https:\/\/www.powerscreentx.com\/es\/wp-json\/wp\/v2\/pages"}],"about":[{"href":"https:\/\/www.powerscreentx.com\/es\/wp-json\/wp\/v2\/types\/page"}],"author":[{"embeddable":true,"href":"https:\/\/www.powerscreentx.com\/es\/wp-json\/wp\/v2\/users\/7"}],"replies":[{"embeddable":true,"href":"https:\/\/www.powerscreentx.com\/es\/wp-json\/wp\/v2\/comments?post=62440"}],"version-history":[{"count":1,"href":"https:\/\/www.powerscreentx.com\/es\/wp-json\/wp\/v2\/pages\/62440\/revisions"}],"predecessor-version":[{"id":62444,"href":"https:\/\/www.powerscreentx.com\/es\/wp-json\/wp\/v2\/pages\/62440\/revisions\/62444"}],"up":[{"embeddable":true,"href":"https:\/\/www.powerscreentx.com\/es\/wp-json\/wp\/v2\/pages\/62410"}],"wp:attachment":[{"href":"https:\/\/www.powerscreentx.com\/es\/wp-json\/wp\/v2\/media?parent=62440"}],"curies":[{"name":"wp","href":"https:\/\/api.w.org\/{rel}","templated":true}]}}