{"id":62403,"date":"2023-02-28T17:55:50","date_gmt":"2023-03-01T01:55:50","guid":{"rendered":"https:\/\/www.powerscreentx.com\/industrias\/reciclado-de-productos-organicos\/"},"modified":"2025-01-10T01:58:01","modified_gmt":"2025-01-10T09:58:01","slug":"reciclado-de-productos-organicos","status":"publish","type":"page","link":"https:\/\/www.powerscreentx.com\/es\/industrias\/reciclado-de-productos-organicos\/","title":{"rendered":"Reciclado de productos org\u00e1nicos"},"content":{"rendered":"\n\n<div class=\"container\">\n\n    <div class=\"block-header-container\">\n\n                    <h2 class=\"block-header text-center \">Soluciones de reciclaje de productos org\u00e1nicos<\/h2>\n                            <div class=\"written block-text lg:text-lg\">Las soluciones de reciclaje org\u00e1nico ofrecen a las empresas una forma c\u00f3moda de reciclar materiales org\u00e1nicos de forma eficaz. Estas m\u00e1quinas industriales proporcionan un m\u00e9todo seguro y eficaz para procesar y gestionar los residuos org\u00e1nicos, garantizando unas pr\u00e1cticas de reciclaje adecuadas y reduciendo la dependencia de los costosos vertederos. Dise\u00f1adas para manipular diversos materiales, como restos de comida, virutas de madera y otras materias org\u00e1nicas, estas soluciones se adaptan para satisfacer con facilidad diversas necesidades de reciclaje.  <\/div>\n        \n\n    <\/div>\n\n    <div class=\"range-cards \">\n        \n            <div class=\"range-card\">\n                <div class=\"range-card-inner\">\n                    <h3>TRITURADORAS<\/h3>\n                                        <figure class=\"range-image\" style=\"background-image:url(https:\/\/www.powerscreentx.com\/wp-content\/uploads\/2023\/10\/Terminator-Mobile-600x510.png)\"><\/figure>\n                <\/div>\n                                    <a href=\"https:\/\/www.powerscreentx.com\/es\/categorias\/trituradoras-2\/\" class=\"button-primary button-col-primary\" target=\"\">\n                        <span>Ver la gama<\/span>\n                    <\/a>\n                            <\/div>\n        \n            <div class=\"range-card\">\n                <div class=\"range-card-inner\">\n                    <h3>TR\u00d3MELES DE CRIBADO<\/h3>\n                                        <figure class=\"range-image\" style=\"background-image:url(https:\/\/www.powerscreentx.com\/wp-content\/uploads\/2023\/02\/product-images_0000s_0002_Phoenix-1600-Wheeled-Pers-LHS-01-600x510.png)\"><\/figure>\n                <\/div>\n                                    <a href=\"https:\/\/www.powerscreentx.com\/es\/categorias\/cribas-tromel\/\" class=\"button-primary button-col-primary\" target=\"\">\n                        <span>Ver la gama<\/span>\n                    <\/a>\n                            <\/div>\n        \n            <div class=\"range-card\">\n                <div class=\"range-card-inner\">\n                    <h3>ASTILLADORAS Y TRITURADORAS<\/h3>\n                                        <figure class=\"range-image\" style=\"background-image:url(https:\/\/www.powerscreentx.com\/wp-content\/uploads\/2023\/02\/product-images_0060_CBI-6800CT-600x510.png)\"><\/figure>\n                <\/div>\n                                    <a href=\"https:\/\/www.powerscreentx.com\/es\/categorias\/amoladoras\/\" class=\"button-primary button-col-primary\" target=\"\">\n                        <span>Ver la gama<\/span>\n                    <\/a>\n                            <\/div>\n        \n            <div class=\"range-card\">\n                <div class=\"range-card-inner\">\n                    <h3>CRIBAS DE REVENTA<\/h3>\n                                        <figure class=\"range-image\" style=\"background-image:url(https:\/\/www.powerscreentx.com\/wp-content\/uploads\/2023\/02\/TITAN-2300-PERS-LHS-1-600x338.png)\"><\/figure>\n                <\/div>\n                                    <a href=\"https:\/\/www.powerscreentx.com\/es\/categorias\/cribas-de-scalping\/\" class=\"button-primary button-col-primary\" target=\"\">\n                        <span>Ver la gama<\/span>\n                    <\/a>\n                            <\/div>\n        \n            <div class=\"range-card\">\n                <div class=\"range-card-inner\">\n                    <h3>TRANSPORTADORES<\/h3>\n                                        <figure class=\"range-image\" style=\"background-image:url(https:\/\/www.powerscreentx.com\/wp-content\/uploads\/2023\/02\/CT65-PERS-LHS-600x338.png)\"><\/figure>\n                <\/div>\n                                    <a href=\"https:\/\/www.powerscreentx.com\/es\/categorias\/transportadores\/\" class=\"button-primary button-col-primary\" target=\"\">\n                        <span>Ver la gama<\/span>\n                    <\/a>\n                            <\/div>\n        \n            <div class=\"range-card\">\n                <div class=\"range-card-inner\">\n                    <h3>ESTACI\u00d3N DE RECOGIDA<\/h3>\n                                        <figure class=\"range-image\" style=\"background-image:url(https:\/\/www.powerscreentx.com\/wp-content\/uploads\/2024\/09\/product-images_0000s_0000_PPS2BAY627-5-1024x576-1-600x510.png)\"><\/figure>\n                <\/div>\n                                    <a href=\"https:\/\/www.powerscreentx.com\/es\/categorias\/estaciones-de-picking-2\/\" class=\"button-primary button-col-primary\" target=\"\">\n                        <span>Estaciones de picking<\/span>\n                    <\/a>\n                            <\/div>\n            <\/div><\/div>\n\n\n<div style=\"height:50px\" aria-hidden=\"true\" class=\"wp-block-spacer\"><\/div>\n\n\n\n<section id=\"two-col-block_e5b3c112f9b1c427e5780be824c331b1\" class=\"two-col-block py-0 bg-transparent margin-top-20 margin-bottom-20\">\n    \n<div class=\"block-header-container\">\n            <h1 class=\"block-header text-center \">c\u00f3mo podemos ayudarte<\/h1>\n    \n                    <div class=\"written block-text lg:text-lg\"><p style=\"font-weight: 400;\">Ofrecemos una variada selecci\u00f3n de opciones de equipamiento y amplios servicios de asistencia destinados a ayudar a nuestros clientes a alcanzar sus objetivos de producci\u00f3n de forma eficaz y asequible.<\/p>\n<\/div>\n    \n    <\/div>\n    <div class=\"two-col-container                                  container\">\n        <div class=\"grid grid-cols-1 mb-5 lg:grid-cols-2 lg:mb-0\" style=\"background-color:                                                                                           transparent;\">\n                    \n    <div class=\"custom-call-to-action-outer has-background-image\" style=\"background-image: url(https:\/\/www.powerscreentx.com\/wp-content\/uploads\/2024\/09\/CBI-Page-600x511.jpg)\">\n    \n        <div class=\"custom-call-to-action\" >\n                            <h3 class=\"cta-heading\">Equipos usados<\/h3>\n                            <p class=\"cta-text\">Si no desea adquirir una m\u00e1quina nueva, nuestro equipo de expertos en equipos usados dispone de una gama de opciones de maquinaria usada que puede considerar.<\/p>\n            \n\n                        \n\n                                                                                            <a class=\"cta-button\" href=\"https:\/\/www.powerscreentx.com\/es\/usado\/\">Ver Stock Usado<\/a>\n                                                             \n\n\n\n        <\/div>\n\n    <\/div>\n        \n    <div class=\"custom-call-to-action-outer has-background-image\" style=\"background-image: url(https:\/\/www.powerscreentx.com\/wp-content\/uploads\/2023\/02\/Aftercare-2-600x402.png)\">\n    \n        <div class=\"custom-call-to-action\" >\n                            <h3 class=\"cta-heading\">Piezas y servicio<\/h3>\n                            <p class=\"cta-text\">Powerscreen Texas ofrece piezas fiables y servicio posventa para optimizar el rendimiento de tu maquinaria y maximizar el tiempo de actividad y la rentabilidad.<\/p>\n            \n\n                        \n\n                                                                                            <a class=\"cta-button\" href=\"https:\/\/www.powerscreentx.com\/es\/cuidado-posterior\/\">M\u00e1s informaci\u00f3n<\/a>\n                                                             \n\n\n\n        <\/div>\n\n    <\/div>\n        <\/div>\n    <\/div>\n<\/section>\n\n\n<div style=\"height:100px\" aria-hidden=\"true\" class=\"wp-block-spacer\"><\/div>\n","protected":false},"excerpt":{"rendered":"","protected":false},"author":6,"featured_media":0,"parent":62345,"menu_order":0,"comment_status":"closed","ping_status":"closed","template":"","meta":{"_acf_changed":false,"footnotes":""},"class_list":["post-62403","page","type-page","status-publish","hentry"],"acf":[],"yoast_head":"<!-- This site is optimized with the Yoast SEO plugin v27.3 - https:\/\/yoast.com\/product\/yoast-seo-wordpress\/ -->\n<title>Soluci\u00f3n de reciclaje de productos org\u00e1nicos | Powerscreen of Texas<\/title>\n<meta name=\"description\" content=\"Las m\u00e1quinas industriales de reciclaje org\u00e1nico son la soluci\u00f3n perfecta para las empresas que necesitan reciclar su materia org\u00e1nica con facilidad.\" \/>\n<meta name=\"robots\" content=\"index, follow, max-snippet:-1, max-image-preview:large, max-video-preview:-1\" \/>\n<link rel=\"canonical\" href=\"https:\/\/www.powerscreentx.com\/es\/industrias\/reciclado-de-productos-organicos\/\" \/>\n<meta property=\"og:locale\" content=\"es_ES\" \/>\n<meta property=\"og:type\" content=\"article\" \/>\n<meta property=\"og:title\" content=\"Soluci\u00f3n de reciclaje de productos org\u00e1nicos | Powerscreen of Texas\" \/>\n<meta property=\"og:description\" content=\"Las m\u00e1quinas industriales de reciclaje org\u00e1nico son la soluci\u00f3n perfecta para las empresas que necesitan reciclar su materia org\u00e1nica con facilidad.\" \/>\n<meta property=\"og:url\" content=\"https:\/\/www.powerscreentx.com\/es\/industrias\/reciclado-de-productos-organicos\/\" \/>\n<meta property=\"og:site_name\" content=\"Powerscreen Texas\" \/>\n<meta property=\"article:modified_time\" content=\"2025-01-10T09:58:01+00:00\" \/>\n<meta name=\"twitter:card\" content=\"summary_large_image\" \/>\n<script type=\"application\/ld+json\" class=\"yoast-schema-graph\">{\"@context\":\"https:\\\/\\\/schema.org\",\"@graph\":[{\"@type\":\"WebPage\",\"@id\":\"https:\\\/\\\/www.powerscreentx.com\\\/es\\\/industrias\\\/reciclado-de-productos-organicos\\\/\",\"url\":\"https:\\\/\\\/www.powerscreentx.com\\\/es\\\/industrias\\\/reciclado-de-productos-organicos\\\/\",\"name\":\"Soluci\u00f3n de reciclaje de productos org\u00e1nicos | Powerscreen of Texas\",\"isPartOf\":{\"@id\":\"https:\\\/\\\/www.powerscreentx.com\\\/es\\\/#website\"},\"datePublished\":\"2023-03-01T01:55:50+00:00\",\"dateModified\":\"2025-01-10T09:58:01+00:00\",\"description\":\"Las m\u00e1quinas industriales de reciclaje org\u00e1nico son la soluci\u00f3n perfecta para las empresas que necesitan reciclar su materia org\u00e1nica con facilidad.\",\"breadcrumb\":{\"@id\":\"https:\\\/\\\/www.powerscreentx.com\\\/es\\\/industrias\\\/reciclado-de-productos-organicos\\\/#breadcrumb\"},\"inLanguage\":\"es\",\"potentialAction\":[{\"@type\":\"ReadAction\",\"target\":[\"https:\\\/\\\/www.powerscreentx.com\\\/es\\\/industrias\\\/reciclado-de-productos-organicos\\\/\"]}]},{\"@type\":\"BreadcrumbList\",\"@id\":\"https:\\\/\\\/www.powerscreentx.com\\\/es\\\/industrias\\\/reciclado-de-productos-organicos\\\/#breadcrumb\",\"itemListElement\":[{\"@type\":\"ListItem\",\"position\":1,\"name\":\"Hogar\",\"item\":\"https:\\\/\\\/www.powerscreentx.com\\\/es\\\/\"},{\"@type\":\"ListItem\",\"position\":2,\"name\":\"Industrias\",\"item\":\"https:\\\/\\\/www.powerscreentx.com\\\/es\\\/industrias\\\/\"},{\"@type\":\"ListItem\",\"position\":3,\"name\":\"Reciclado de productos org\u00e1nicos\"}]},{\"@type\":\"WebSite\",\"@id\":\"https:\\\/\\\/www.powerscreentx.com\\\/es\\\/#website\",\"url\":\"https:\\\/\\\/www.powerscreentx.com\\\/es\\\/\",\"name\":\"Powerscreen Texas\",\"description\":\"\",\"publisher\":{\"@id\":\"https:\\\/\\\/www.powerscreentx.com\\\/es\\\/#organization\"},\"potentialAction\":[{\"@type\":\"SearchAction\",\"target\":{\"@type\":\"EntryPoint\",\"urlTemplate\":\"https:\\\/\\\/www.powerscreentx.com\\\/es\\\/?s={search_term_string}\"},\"query-input\":{\"@type\":\"PropertyValueSpecification\",\"valueRequired\":true,\"valueName\":\"search_term_string\"}}],\"inLanguage\":\"es\"},{\"@type\":\"Organization\",\"@id\":\"https:\\\/\\\/www.powerscreentx.com\\\/es\\\/#organization\",\"name\":\"Powerscreen Texas\",\"url\":\"https:\\\/\\\/www.powerscreentx.com\\\/es\\\/\",\"logo\":{\"@type\":\"ImageObject\",\"inLanguage\":\"es\",\"@id\":\"https:\\\/\\\/www.powerscreentx.com\\\/es\\\/#\\\/schema\\\/logo\\\/image\\\/\",\"url\":\"\",\"contentUrl\":\"\",\"caption\":\"Powerscreen Texas\"},\"image\":{\"@id\":\"https:\\\/\\\/www.powerscreentx.com\\\/es\\\/#\\\/schema\\\/logo\\\/image\\\/\"}}]}<\/script>\n<!-- \/ Yoast SEO plugin. -->","yoast_head_json":{"title":"Soluci\u00f3n de reciclaje de productos org\u00e1nicos | Powerscreen of Texas","description":"Las m\u00e1quinas industriales de reciclaje org\u00e1nico son la soluci\u00f3n perfecta para las empresas que necesitan reciclar su materia org\u00e1nica con facilidad.","robots":{"index":"index","follow":"follow","max-snippet":"max-snippet:-1","max-image-preview":"max-image-preview:large","max-video-preview":"max-video-preview:-1"},"canonical":"https:\/\/www.powerscreentx.com\/es\/industrias\/reciclado-de-productos-organicos\/","og_locale":"es_ES","og_type":"article","og_title":"Soluci\u00f3n de reciclaje de productos org\u00e1nicos | Powerscreen of Texas","og_description":"Las m\u00e1quinas industriales de reciclaje org\u00e1nico son la soluci\u00f3n perfecta para las empresas que necesitan reciclar su materia org\u00e1nica con facilidad.","og_url":"https:\/\/www.powerscreentx.com\/es\/industrias\/reciclado-de-productos-organicos\/","og_site_name":"Powerscreen Texas","article_modified_time":"2025-01-10T09:58:01+00:00","twitter_card":"summary_large_image","schema":{"@context":"https:\/\/schema.org","@graph":[{"@type":"WebPage","@id":"https:\/\/www.powerscreentx.com\/es\/industrias\/reciclado-de-productos-organicos\/","url":"https:\/\/www.powerscreentx.com\/es\/industrias\/reciclado-de-productos-organicos\/","name":"Soluci\u00f3n de reciclaje de productos org\u00e1nicos | Powerscreen of Texas","isPartOf":{"@id":"https:\/\/www.powerscreentx.com\/es\/#website"},"datePublished":"2023-03-01T01:55:50+00:00","dateModified":"2025-01-10T09:58:01+00:00","description":"Las m\u00e1quinas industriales de reciclaje org\u00e1nico son la soluci\u00f3n perfecta para las empresas que necesitan reciclar su materia org\u00e1nica con facilidad.","breadcrumb":{"@id":"https:\/\/www.powerscreentx.com\/es\/industrias\/reciclado-de-productos-organicos\/#breadcrumb"},"inLanguage":"es","potentialAction":[{"@type":"ReadAction","target":["https:\/\/www.powerscreentx.com\/es\/industrias\/reciclado-de-productos-organicos\/"]}]},{"@type":"BreadcrumbList","@id":"https:\/\/www.powerscreentx.com\/es\/industrias\/reciclado-de-productos-organicos\/#breadcrumb","itemListElement":[{"@type":"ListItem","position":1,"name":"Hogar","item":"https:\/\/www.powerscreentx.com\/es\/"},{"@type":"ListItem","position":2,"name":"Industrias","item":"https:\/\/www.powerscreentx.com\/es\/industrias\/"},{"@type":"ListItem","position":3,"name":"Reciclado de productos org\u00e1nicos"}]},{"@type":"WebSite","@id":"https:\/\/www.powerscreentx.com\/es\/#website","url":"https:\/\/www.powerscreentx.com\/es\/","name":"Powerscreen Texas","description":"","publisher":{"@id":"https:\/\/www.powerscreentx.com\/es\/#organization"},"potentialAction":[{"@type":"SearchAction","target":{"@type":"EntryPoint","urlTemplate":"https:\/\/www.powerscreentx.com\/es\/?s={search_term_string}"},"query-input":{"@type":"PropertyValueSpecification","valueRequired":true,"valueName":"search_term_string"}}],"inLanguage":"es"},{"@type":"Organization","@id":"https:\/\/www.powerscreentx.com\/es\/#organization","name":"Powerscreen Texas","url":"https:\/\/www.powerscreentx.com\/es\/","logo":{"@type":"ImageObject","inLanguage":"es","@id":"https:\/\/www.powerscreentx.com\/es\/#\/schema\/logo\/image\/","url":"","contentUrl":"","caption":"Powerscreen Texas"},"image":{"@id":"https:\/\/www.powerscreentx.com\/es\/#\/schema\/logo\/image\/"}}]}},"_links":{"self":[{"href":"https:\/\/www.powerscreentx.com\/es\/wp-json\/wp\/v2\/pages\/62403","targetHints":{"allow":["GET"]}}],"collection":[{"href":"https:\/\/www.powerscreentx.com\/es\/wp-json\/wp\/v2\/pages"}],"about":[{"href":"https:\/\/www.powerscreentx.com\/es\/wp-json\/wp\/v2\/types\/page"}],"author":[{"embeddable":true,"href":"https:\/\/www.powerscreentx.com\/es\/wp-json\/wp\/v2\/users\/6"}],"replies":[{"embeddable":true,"href":"https:\/\/www.powerscreentx.com\/es\/wp-json\/wp\/v2\/comments?post=62403"}],"version-history":[{"count":2,"href":"https:\/\/www.powerscreentx.com\/es\/wp-json\/wp\/v2\/pages\/62403\/revisions"}],"predecessor-version":[{"id":62763,"href":"https:\/\/www.powerscreentx.com\/es\/wp-json\/wp\/v2\/pages\/62403\/revisions\/62763"}],"up":[{"embeddable":true,"href":"https:\/\/www.powerscreentx.com\/es\/wp-json\/wp\/v2\/pages\/62345"}],"wp:attachment":[{"href":"https:\/\/www.powerscreentx.com\/es\/wp-json\/wp\/v2\/media?parent=62403"}],"curies":[{"name":"wp","href":"https:\/\/api.w.org\/{rel}","templated":true}]}}