{"id":62401,"date":"2024-02-04T22:13:46","date_gmt":"2024-02-05T06:13:46","guid":{"rendered":"https:\/\/www.powerscreentx.com\/bell-trucks-america\/"},"modified":"2025-01-09T02:17:03","modified_gmt":"2025-01-09T10:17:03","slug":"bell-trucks-america","status":"publish","type":"page","link":"https:\/\/www.powerscreentx.com\/es\/marcas\/bell-trucks-america\/","title":{"rendered":"Bell Trucks Am\u00e9rica"},"content":{"rendered":"\n\n<div class=\"container\">\n\n    <div class=\"block-header-container\">\n\n                    <h2 class=\"block-header text-center \">Transporte pesado<\/h2>\n                            <div class=\"written block-text lg:text-lg\">Los d\u00famperes articulados Bell presentan un dise\u00f1o \u00fanico con una articulaci\u00f3n en el centro que permite una mejor maniobrabilidad en terrenos accidentados.\nEstos camiones son conocidos por su excelente capacidad todoterreno, su gran capacidad de carga y su eficaz sistema de descarga. <\/div>\n        \n\n    <\/div>\n\n\n    \n<form class=\"sort-wrapper container\" name=\"ps-sortform\" action=\"#\" method=\"get\">\n        <div class=\"filters\">\n            \n            \n                <select class=\"dynamic-sort\" name=\"category filter-select\" id=\"category\">\n\n                    <option value=\"default\" disabled selected>Categor\u00eda<\/option>\n                                    <\/select>\n\n            \n                    <\/div>\n\n                \n        <p class=\"product-count flex items-center\">0 Productos<\/p>\n        \n        <div class=\"sort-by\">\n            <select class=\"dynamic-sort\" name=\"sortby\" id=\"sorter\">\n                                                                                        <option value=\"default\" disabled selected>Ordenar por<\/option>\n                                                                                                                                    <option value=\"machine-weight\">Machine Weight<\/option>\n                                                                                                                                    <option value=\"title-asc\">Name (A-Z)<\/option>\n                                                                                                                                    <option value=\"title-desc\">Name (Z-A)<\/option>\n                                                                        <\/select>\n        <\/div>\n                <input type=\"hidden\" name=\"sorter\" value=\"submit\">\n    <\/form>\n<div class=\"container ranges-single\">\n\n    No se encontraron productos<\/div>\n\n    \n<style>\n    .pagination {\n    display: flex;\n    flex-direction: row;\n    align-items: center;\n    justify-content: center;\n    margin-bottom: 45px;\n}\n\n.page-numbers {\n    padding: 5px;\n    margin: 0 5px;\n    width: 30px;\n    background: red;\n    height: 30px;\n    display: flex;\n    justify-content: center;\n    align-items: center;\n    border: 2px solid red;\n    border-radius: 5px;\n    color: white;\n}\n\n.page-numbers.current {\n    background-color: transparent;\n    color: black;\n}\n<\/style><\/div>\n<section id=\"two-col-block_de9cd178128bd7d81f213fc5aaa78039\" class=\"two-col-block py-0 ccolumn-bg bg-primary margin-top-20 margin-bottom-20\">\n    \n    <div class=\"two-col-container                                  \">\n        <div class=\"grid grid-cols-1 mb-5 lg:grid-cols-2 lg:mb-0\" style=\"background-color:                                                                                           transparent;\">\n            \n                <div class=\"two-col-column-1                                             two-col-order-1\">\n                                            <img decoding=\"async\" class=\"two-col-image\" src=\"https:\/\/www.powerscreentx.com\/wp-content\/uploads\/2023\/12\/Kobelco-and-Bell-ADT-4.jpg\" alt=\"\"\/>\n                    \n\n\n                   \n\n\n                   \n\n\n                <\/div>\n\n\n\n                <div class=\"two-col-column-2                                             two-col-order-2\">\n                    <div class=\"two-col-padding-right\" style=\"padding-top:15px;padding-bottom:15px;\">\n\n                                                    <h2 class=\"two-col-headingtext-white\">Potencia y rendimiento: Camiones Bell<\/h2>\n                        \n                        \n                                                            <div class=\"two-col-text writtentext-grey-400\"><p>Estos camiones est\u00e1n dise\u00f1ados para manejar grandes cantidades de material y suelen utilizarse para transportar tierra, grava, rocas y otros materiales pesados.<br \/>\nCuando se trata de transporte pesado en construcci\u00f3n y miner\u00eda, los d\u00famperes articulados Bell son la opci\u00f3n obvia.<br \/>\nEl exquisito sistema de descarga de los Camiones Bell est\u00e1 dise\u00f1ado para lograr la m\u00e1xima eficacia, permitiendo una descarga r\u00e1pida y f\u00e1cil de los materiales.<br \/>\nEsto te ahorra tiempo en la obra y aumenta la productividad de tu negocio.<br \/>\nCuando necesites una soluci\u00f3n de transporte fiable y capaz, no busques m\u00e1s all\u00e1 de nuestra amplia lista de d\u00famperes articulados Bell.<br \/>\nSu durabilidad, su capacidad todoterreno y su impresionante rendimiento los convierten en una fuente de confianza en el sector. <\/p>\n<\/div>\n                            \n                                                                                                <a class=\"button-primary button-col-primary\" href=\"https:\/\/www.powerscreentx.com\/contact\/\">Solicitar informaci\u00f3n<\/a>\n                                                            \n                                            <\/div>\n                <\/div>\n\n\n                    <\/div>\n    <\/div>\n<\/section>\n<section id=\"two-col-block_835fdb8dcfd36c244b210b34ac1d5d4b\" class=\"two-col-block py-0 bg-transparent margin-top-20 margin-bottom-20\">\n    \n    <div class=\"two-col-container                                  container\">\n        <div class=\"grid grid-cols-1 mb-5 lg:grid-cols-2 lg:mb-0\" style=\"background-color:                                                                                           transparent;\">\n            \n                <div class=\"two-col-column-1                                             two-col-order-2\">\n                                            <img decoding=\"async\" class=\"two-col-image\" src=\"https:\/\/www.powerscreentx.com\/wp-content\/uploads\/2024\/01\/Kobelco-and-Bell-ADT-3-scaled.jpg\" alt=\"\"\/>\n                    \n\n\n                   \n\n\n                   \n\n\n                <\/div>\n\n\n\n                <div class=\"two-col-column-2                                             two-col-order-1\">\n                    <div class=\"two-col-padding-left\" style=\"padding-top:15px;padding-bottom:15px;\">\n\n                                                    <h2 class=\"two-col-headingtext-primary\">Comprometidos con la soluci\u00f3n adecuada<\/h2>\n                        \n                        \n                                                            <div class=\"two-col-text writtentext-grey\"><p>Nuestro equipo de expertos del sector tiene a\u00f1os de experiencia y un conocimiento de la amplia gama de opciones de maquinaria.<br \/>\nEsto significa que podemos trabajar contigo para comprender tus objetivos y aconsejarte la mejor soluci\u00f3n que se ajuste a tu presupuesto, al tiempo que logras tus metas. <\/p>\n<\/div>\n                            \n                                                                                                <a class=\"button-primary button-col-primary\" href=\"https:\/\/www.powerscreentx.com\/contact\/\">Contacte con nosotros<\/a>\n                                                            \n                                            <\/div>\n                <\/div>\n\n\n                    <\/div>\n    <\/div>\n<\/section>","protected":false},"excerpt":{"rendered":"","protected":false},"author":6,"featured_media":0,"parent":62606,"menu_order":0,"comment_status":"closed","ping_status":"closed","template":"","meta":{"_acf_changed":false,"footnotes":""},"class_list":["post-62401","page","type-page","status-publish","hentry"],"acf":[],"yoast_head":"<!-- This site is optimized with the Yoast SEO plugin v27.6 - https:\/\/yoast.com\/product\/yoast-seo-wordpress\/ -->\n<title>Bell Trucks Am\u00e9rica - Powerscreen Texas<\/title>\n<meta name=\"description\" content=\"We are a leading independent new &amp; used industrial equipment dealer. Learn more about Bell Trucks Am\u00e9rica here.\" \/>\n<meta name=\"robots\" content=\"index, follow, max-snippet:-1, max-image-preview:large, max-video-preview:-1\" \/>\n<link rel=\"canonical\" href=\"https:\/\/www.powerscreentx.com\/es\/marcas\/bell-trucks-america\/\" \/>\n<meta property=\"og:locale\" content=\"es_ES\" \/>\n<meta property=\"og:type\" content=\"article\" \/>\n<meta property=\"og:title\" content=\"Bell Trucks Am\u00e9rica - Powerscreen Texas\" \/>\n<meta property=\"og:description\" content=\"We are a leading independent new &amp; used industrial equipment dealer. Learn more about Bell Trucks Am\u00e9rica here.\" \/>\n<meta property=\"og:url\" content=\"https:\/\/www.powerscreentx.com\/es\/marcas\/bell-trucks-america\/\" \/>\n<meta property=\"og:site_name\" content=\"Powerscreen Texas\" \/>\n<meta property=\"article:modified_time\" content=\"2025-01-09T10:17:03+00:00\" \/>\n<meta name=\"twitter:card\" content=\"summary_large_image\" \/>\n<script type=\"application\/ld+json\" class=\"yoast-schema-graph\">{\"@context\":\"https:\\\/\\\/schema.org\",\"@graph\":[{\"@type\":\"WebPage\",\"@id\":\"https:\\\/\\\/www.powerscreentx.com\\\/es\\\/marcas\\\/bell-trucks-america\\\/\",\"url\":\"https:\\\/\\\/www.powerscreentx.com\\\/es\\\/marcas\\\/bell-trucks-america\\\/\",\"name\":\"Bell Trucks Am\u00e9rica - Powerscreen Texas\",\"isPartOf\":{\"@id\":\"https:\\\/\\\/www.powerscreentx.com\\\/es\\\/#website\"},\"datePublished\":\"2024-02-05T06:13:46+00:00\",\"dateModified\":\"2025-01-09T10:17:03+00:00\",\"description\":\"We are a leading independent new &amp; used industrial equipment dealer. Learn more about Bell Trucks Am\u00e9rica here.\",\"breadcrumb\":{\"@id\":\"https:\\\/\\\/www.powerscreentx.com\\\/es\\\/marcas\\\/bell-trucks-america\\\/#breadcrumb\"},\"inLanguage\":\"es\",\"potentialAction\":[{\"@type\":\"ReadAction\",\"target\":[\"https:\\\/\\\/www.powerscreentx.com\\\/es\\\/marcas\\\/bell-trucks-america\\\/\"]}]},{\"@type\":\"BreadcrumbList\",\"@id\":\"https:\\\/\\\/www.powerscreentx.com\\\/es\\\/marcas\\\/bell-trucks-america\\\/#breadcrumb\",\"itemListElement\":[{\"@type\":\"ListItem\",\"position\":1,\"name\":\"Hogar\",\"item\":\"https:\\\/\\\/www.powerscreentx.com\\\/es\\\/\"},{\"@type\":\"ListItem\",\"position\":2,\"name\":\"Marcas\",\"item\":\"https:\\\/\\\/www.powerscreentx.com\\\/es\\\/marcas\\\/\"},{\"@type\":\"ListItem\",\"position\":3,\"name\":\"Bell Trucks Am\u00e9rica\"}]},{\"@type\":\"WebSite\",\"@id\":\"https:\\\/\\\/www.powerscreentx.com\\\/es\\\/#website\",\"url\":\"https:\\\/\\\/www.powerscreentx.com\\\/es\\\/\",\"name\":\"Powerscreen Texas\",\"description\":\"\",\"publisher\":{\"@id\":\"https:\\\/\\\/www.powerscreentx.com\\\/es\\\/#organization\"},\"potentialAction\":[{\"@type\":\"SearchAction\",\"target\":{\"@type\":\"EntryPoint\",\"urlTemplate\":\"https:\\\/\\\/www.powerscreentx.com\\\/es\\\/?s={search_term_string}\"},\"query-input\":{\"@type\":\"PropertyValueSpecification\",\"valueRequired\":true,\"valueName\":\"search_term_string\"}}],\"inLanguage\":\"es\"},{\"@type\":\"Organization\",\"@id\":\"https:\\\/\\\/www.powerscreentx.com\\\/es\\\/#organization\",\"name\":\"Powerscreen Texas\",\"url\":\"https:\\\/\\\/www.powerscreentx.com\\\/es\\\/\",\"logo\":{\"@type\":\"ImageObject\",\"inLanguage\":\"es\",\"@id\":\"https:\\\/\\\/www.powerscreentx.com\\\/es\\\/#\\\/schema\\\/logo\\\/image\\\/\",\"url\":\"\",\"contentUrl\":\"\",\"caption\":\"Powerscreen Texas\"},\"image\":{\"@id\":\"https:\\\/\\\/www.powerscreentx.com\\\/es\\\/#\\\/schema\\\/logo\\\/image\\\/\"}}]}<\/script>\n<!-- \/ Yoast SEO plugin. -->","yoast_head_json":{"title":"Bell Trucks Am\u00e9rica - Powerscreen Texas","description":"We are a leading independent new &amp; used industrial equipment dealer. Learn more about Bell Trucks Am\u00e9rica here.","robots":{"index":"index","follow":"follow","max-snippet":"max-snippet:-1","max-image-preview":"max-image-preview:large","max-video-preview":"max-video-preview:-1"},"canonical":"https:\/\/www.powerscreentx.com\/es\/marcas\/bell-trucks-america\/","og_locale":"es_ES","og_type":"article","og_title":"Bell Trucks Am\u00e9rica - Powerscreen Texas","og_description":"We are a leading independent new &amp; used industrial equipment dealer. Learn more about Bell Trucks Am\u00e9rica here.","og_url":"https:\/\/www.powerscreentx.com\/es\/marcas\/bell-trucks-america\/","og_site_name":"Powerscreen Texas","article_modified_time":"2025-01-09T10:17:03+00:00","twitter_card":"summary_large_image","schema":{"@context":"https:\/\/schema.org","@graph":[{"@type":"WebPage","@id":"https:\/\/www.powerscreentx.com\/es\/marcas\/bell-trucks-america\/","url":"https:\/\/www.powerscreentx.com\/es\/marcas\/bell-trucks-america\/","name":"Bell Trucks Am\u00e9rica - Powerscreen Texas","isPartOf":{"@id":"https:\/\/www.powerscreentx.com\/es\/#website"},"datePublished":"2024-02-05T06:13:46+00:00","dateModified":"2025-01-09T10:17:03+00:00","description":"We are a leading independent new &amp; used industrial equipment dealer. Learn more about Bell Trucks Am\u00e9rica here.","breadcrumb":{"@id":"https:\/\/www.powerscreentx.com\/es\/marcas\/bell-trucks-america\/#breadcrumb"},"inLanguage":"es","potentialAction":[{"@type":"ReadAction","target":["https:\/\/www.powerscreentx.com\/es\/marcas\/bell-trucks-america\/"]}]},{"@type":"BreadcrumbList","@id":"https:\/\/www.powerscreentx.com\/es\/marcas\/bell-trucks-america\/#breadcrumb","itemListElement":[{"@type":"ListItem","position":1,"name":"Hogar","item":"https:\/\/www.powerscreentx.com\/es\/"},{"@type":"ListItem","position":2,"name":"Marcas","item":"https:\/\/www.powerscreentx.com\/es\/marcas\/"},{"@type":"ListItem","position":3,"name":"Bell Trucks Am\u00e9rica"}]},{"@type":"WebSite","@id":"https:\/\/www.powerscreentx.com\/es\/#website","url":"https:\/\/www.powerscreentx.com\/es\/","name":"Powerscreen Texas","description":"","publisher":{"@id":"https:\/\/www.powerscreentx.com\/es\/#organization"},"potentialAction":[{"@type":"SearchAction","target":{"@type":"EntryPoint","urlTemplate":"https:\/\/www.powerscreentx.com\/es\/?s={search_term_string}"},"query-input":{"@type":"PropertyValueSpecification","valueRequired":true,"valueName":"search_term_string"}}],"inLanguage":"es"},{"@type":"Organization","@id":"https:\/\/www.powerscreentx.com\/es\/#organization","name":"Powerscreen Texas","url":"https:\/\/www.powerscreentx.com\/es\/","logo":{"@type":"ImageObject","inLanguage":"es","@id":"https:\/\/www.powerscreentx.com\/es\/#\/schema\/logo\/image\/","url":"","contentUrl":"","caption":"Powerscreen Texas"},"image":{"@id":"https:\/\/www.powerscreentx.com\/es\/#\/schema\/logo\/image\/"}}]}},"_links":{"self":[{"href":"https:\/\/www.powerscreentx.com\/es\/wp-json\/wp\/v2\/pages\/62401","targetHints":{"allow":["GET"]}}],"collection":[{"href":"https:\/\/www.powerscreentx.com\/es\/wp-json\/wp\/v2\/pages"}],"about":[{"href":"https:\/\/www.powerscreentx.com\/es\/wp-json\/wp\/v2\/types\/page"}],"author":[{"embeddable":true,"href":"https:\/\/www.powerscreentx.com\/es\/wp-json\/wp\/v2\/users\/6"}],"replies":[{"embeddable":true,"href":"https:\/\/www.powerscreentx.com\/es\/wp-json\/wp\/v2\/comments?post=62401"}],"version-history":[{"count":1,"href":"https:\/\/www.powerscreentx.com\/es\/wp-json\/wp\/v2\/pages\/62401\/revisions"}],"predecessor-version":[{"id":62405,"href":"https:\/\/www.powerscreentx.com\/es\/wp-json\/wp\/v2\/pages\/62401\/revisions\/62405"}],"up":[{"embeddable":true,"href":"https:\/\/www.powerscreentx.com\/es\/wp-json\/wp\/v2\/pages\/62606"}],"wp:attachment":[{"href":"https:\/\/www.powerscreentx.com\/es\/wp-json\/wp\/v2\/media?parent=62401"}],"curies":[{"name":"wp","href":"https:\/\/api.w.org\/{rel}","templated":true}]}}