{"id":62377,"date":"2023-02-27T18:23:38","date_gmt":"2023-02-28T02:23:38","guid":{"rendered":"https:\/\/www.powerscreentx.com\/fuchs-no-2\/"},"modified":"2025-01-09T02:16:53","modified_gmt":"2025-01-09T10:16:53","slug":"fuchs-no-2","status":"publish","type":"page","link":"https:\/\/www.powerscreentx.com\/es\/marcas\/fuchs-no-2\/","title":{"rendered":"Fuchs n\u00ba 2"},"content":{"rendered":"\n\n<div class=\"container\">\n\n    <div class=\"block-header-container\">\n\n                    <h2 class=\"block-header text-center \">Fuchs<\/h2>\n                            <div class=\"written block-text lg:text-lg\">Terex Fuchs ofrece una amplia gama de productos para diversos sectores.\nDesde manipuladoras de materiales hasta cargadoras sobre ruedas y orugas, Terex Fuchs tiene el equipo adecuado para cualquier trabajo.\nSus productos son conocidos por su rendimiento, fiabilidad y durabilidad superiores, lo que los convierte en una soluci\u00f3n ideal para diversas aplicaciones.  <\/div>\n        \n\n    <\/div>\n\n<pre><\/pre>\n    \n<form class=\"sort-wrapper container\" name=\"ps-sortform\" action=\"#\" method=\"get\">\n        <div class=\"filters\">\n            \n            \n                <select class=\"dynamic-sort\" name=\"category filter-select\" id=\"category\">\n\n                    <option value=\"default\" disabled selected>Categor\u00eda<\/option>\n                                    <\/select>\n\n            \n                    <\/div>\n\n                \n        <p class=\"product-count flex items-center\">0 Productos<\/p>\n        \n        <div class=\"sort-by\">\n            <select class=\"dynamic-sort\" name=\"sortby\" id=\"sorter\">\n                                                                                        <option value=\"default\" disabled selected>Ordenar por<\/option>\n                                                                                                                                    <option value=\"machine-weight\">Machine Weight<\/option>\n                                                                                                                                    <option value=\"title-asc\">Name (A-Z)<\/option>\n                                                                                                                                    <option value=\"title-desc\">Name (Z-A)<\/option>\n                                                                        <\/select>\n        <\/div>\n                <input type=\"hidden\" name=\"sorter\" value=\"submit\">\n    <\/form>\n<div class=\"container ranges-single\">\n\n    No se encontraron productos<\/div>\n\n    \n<style>\n    .pagination {\n    display: flex;\n    flex-direction: row;\n    align-items: center;\n    justify-content: center;\n    margin-bottom: 45px;\n}\n\n.page-numbers {\n    padding: 5px;\n    margin: 0 5px;\n    width: 30px;\n    background: red;\n    height: 30px;\n    display: flex;\n    justify-content: center;\n    align-items: center;\n    border: 2px solid red;\n    border-radius: 5px;\n    color: white;\n}\n\n.page-numbers.current {\n    background-color: transparent;\n    color: black;\n}\n<\/style><\/div>\n<section id=\"two-col-block_b4d0eefca81c042b98cf67545ed653dc\" class=\"two-col-block py-0 ccolumn-bg bg-primary margin-top-20 margin-bottom-20\">\n    \n    <div class=\"two-col-container                                  \">\n        <div class=\"grid grid-cols-1 mb-5 lg:grid-cols-2 lg:mb-0\" style=\"background-color:                                                                                           transparent;\">\n            \n                <div class=\"two-col-column-1                                             two-col-order-1\">\n                                            <img decoding=\"async\" class=\"two-col-image\" src=\"https:\/\/www.powerscreentx.com\/wp-content\/uploads\/2023\/03\/370_6_mdrdlp.jpg\" alt=\"\"\/>\n                    \n\n\n                   \n\n\n                   \n\n\n                <\/div>\n\n\n\n                <div class=\"two-col-column-2                                             two-col-order-2\">\n                    <div class=\"two-col-padding-right\" style=\"padding-top:15px;padding-bottom:15px;\">\n\n                                                    <h2 class=\"two-col-headingtext-white\">Comprometidos con la soluci\u00f3n adecuada<\/h2>\n                        \n                        \n                                                            <div class=\"two-col-text writtentext-grey-400\"><p>La gama de m\u00e1quinas innovadoras disponibles proporciona una producci\u00f3n eficiente, bajos costes operativos y facilidad de mantenimiento, por lo que los usuarios finales encontrar\u00e1n con toda seguridad la m\u00e1quina adecuada para su aplicaci\u00f3n.<\/p>\n<\/div>\n                            \n                                                                                                <a class=\"button-primary button-col-primary\" href=\"\/brands\">M\u00e1s informaci\u00f3n<\/a>\n                                                            \n                                            <\/div>\n                <\/div>\n\n\n                    <\/div>\n    <\/div>\n<\/section>\n<section id=\"two-col-block_b2a3490e558cc5106e630cef569ca7bc\" class=\"two-col-block py-12 lg:py-24 bg-transparent margin-top-20 margin-bottom-20\">\n    \n    <div class=\"two-col-container                                  container\">\n        <div class=\"grid grid-cols-1 mb-5 lg:grid-cols-2 lg:mb-0\" style=\"background-color:                                                                                           transparent;\">\n            \n                <div class=\"two-col-column-1                                             two-col-order-2\">\n                                            <img decoding=\"async\" class=\"two-col-image\" src=\"https:\/\/www.powerscreentx.com\/wp-content\/uploads\/2023\/03\/331.png\" alt=\"\"\/>\n                    \n\n\n                   \n\n\n                   \n\n\n                <\/div>\n\n\n\n                <div class=\"two-col-column-2                                             two-col-order-1\">\n                    <div class=\"two-col-padding-left\" style=\"padding-top:15px;padding-bottom:15px;\">\n\n                                                    <h2 class=\"two-col-headingtext-primary\">Comprometidos con la soluci\u00f3n adecuada<\/h2>\n                        \n                        \n                                                            <div class=\"two-col-text writtentext-grey\"><p>Nuestro equipo de expertos del sector tiene a\u00f1os de experiencia y un conocimiento de la amplia gama de opciones de maquinaria.<br \/>\nEsto significa que podemos trabajar contigo para comprender tus objetivos y aconsejarte la mejor soluci\u00f3n que se ajuste a tu presupuesto, al tiempo que logras tus metas. <\/p>\n<\/div>\n                            \n                                                                                                <a class=\"button-primary button-col-primary\" href=\"https:\/\/www.powerscreentx.com\/contact\/\">Contacte con nosotros<\/a>\n                                                            \n                                            <\/div>\n                <\/div>\n\n\n                    <\/div>\n    <\/div>\n<\/section>","protected":false},"excerpt":{"rendered":"","protected":false},"author":6,"featured_media":0,"parent":62606,"menu_order":0,"comment_status":"closed","ping_status":"closed","template":"","meta":{"_acf_changed":false,"footnotes":""},"class_list":["post-62377","page","type-page","status-publish","hentry"],"acf":[],"yoast_head":"<!-- This site is optimized with the Yoast SEO plugin v27.3 - https:\/\/yoast.com\/product\/yoast-seo-wordpress\/ -->\n<title>Fuchs n\u00ba 2 - Powerscreen Texas<\/title>\n<meta name=\"description\" content=\"We are a leading independent new &amp; used industrial equipment dealer. Learn more about Fuchs n\u00ba 2 here.\" \/>\n<meta name=\"robots\" content=\"index, follow, max-snippet:-1, max-image-preview:large, max-video-preview:-1\" \/>\n<link rel=\"canonical\" href=\"https:\/\/www.powerscreentx.com\/es\/marcas\/fuchs-no-2\/\" \/>\n<meta property=\"og:locale\" content=\"es_ES\" \/>\n<meta property=\"og:type\" content=\"article\" \/>\n<meta property=\"og:title\" content=\"Fuchs n\u00ba 2 - Powerscreen Texas\" \/>\n<meta property=\"og:description\" content=\"We are a leading independent new &amp; used industrial equipment dealer. Learn more about Fuchs n\u00ba 2 here.\" \/>\n<meta property=\"og:url\" content=\"https:\/\/www.powerscreentx.com\/es\/marcas\/fuchs-no-2\/\" \/>\n<meta property=\"og:site_name\" content=\"Powerscreen Texas\" \/>\n<meta property=\"article:modified_time\" content=\"2025-01-09T10:16:53+00:00\" \/>\n<meta name=\"twitter:card\" content=\"summary_large_image\" \/>\n<script type=\"application\/ld+json\" class=\"yoast-schema-graph\">{\"@context\":\"https:\\\/\\\/schema.org\",\"@graph\":[{\"@type\":\"WebPage\",\"@id\":\"https:\\\/\\\/www.powerscreentx.com\\\/es\\\/marcas\\\/fuchs-no-2\\\/\",\"url\":\"https:\\\/\\\/www.powerscreentx.com\\\/es\\\/marcas\\\/fuchs-no-2\\\/\",\"name\":\"Fuchs n\u00ba 2 - Powerscreen Texas\",\"isPartOf\":{\"@id\":\"https:\\\/\\\/www.powerscreentx.com\\\/es\\\/#website\"},\"datePublished\":\"2023-02-28T02:23:38+00:00\",\"dateModified\":\"2025-01-09T10:16:53+00:00\",\"description\":\"We are a leading independent new &amp; used industrial equipment dealer. Learn more about Fuchs n\u00ba 2 here.\",\"breadcrumb\":{\"@id\":\"https:\\\/\\\/www.powerscreentx.com\\\/es\\\/marcas\\\/fuchs-no-2\\\/#breadcrumb\"},\"inLanguage\":\"es\",\"potentialAction\":[{\"@type\":\"ReadAction\",\"target\":[\"https:\\\/\\\/www.powerscreentx.com\\\/es\\\/marcas\\\/fuchs-no-2\\\/\"]}]},{\"@type\":\"BreadcrumbList\",\"@id\":\"https:\\\/\\\/www.powerscreentx.com\\\/es\\\/marcas\\\/fuchs-no-2\\\/#breadcrumb\",\"itemListElement\":[{\"@type\":\"ListItem\",\"position\":1,\"name\":\"Hogar\",\"item\":\"https:\\\/\\\/www.powerscreentx.com\\\/es\\\/\"},{\"@type\":\"ListItem\",\"position\":2,\"name\":\"Marcas\",\"item\":\"https:\\\/\\\/www.powerscreentx.com\\\/es\\\/marcas\\\/\"},{\"@type\":\"ListItem\",\"position\":3,\"name\":\"Fuchs n\u00ba 2\"}]},{\"@type\":\"WebSite\",\"@id\":\"https:\\\/\\\/www.powerscreentx.com\\\/es\\\/#website\",\"url\":\"https:\\\/\\\/www.powerscreentx.com\\\/es\\\/\",\"name\":\"Powerscreen Texas\",\"description\":\"\",\"publisher\":{\"@id\":\"https:\\\/\\\/www.powerscreentx.com\\\/es\\\/#organization\"},\"potentialAction\":[{\"@type\":\"SearchAction\",\"target\":{\"@type\":\"EntryPoint\",\"urlTemplate\":\"https:\\\/\\\/www.powerscreentx.com\\\/es\\\/?s={search_term_string}\"},\"query-input\":{\"@type\":\"PropertyValueSpecification\",\"valueRequired\":true,\"valueName\":\"search_term_string\"}}],\"inLanguage\":\"es\"},{\"@type\":\"Organization\",\"@id\":\"https:\\\/\\\/www.powerscreentx.com\\\/es\\\/#organization\",\"name\":\"Powerscreen Texas\",\"url\":\"https:\\\/\\\/www.powerscreentx.com\\\/es\\\/\",\"logo\":{\"@type\":\"ImageObject\",\"inLanguage\":\"es\",\"@id\":\"https:\\\/\\\/www.powerscreentx.com\\\/es\\\/#\\\/schema\\\/logo\\\/image\\\/\",\"url\":\"\",\"contentUrl\":\"\",\"caption\":\"Powerscreen Texas\"},\"image\":{\"@id\":\"https:\\\/\\\/www.powerscreentx.com\\\/es\\\/#\\\/schema\\\/logo\\\/image\\\/\"}}]}<\/script>\n<!-- \/ Yoast SEO plugin. -->","yoast_head_json":{"title":"Fuchs n\u00ba 2 - Powerscreen Texas","description":"We are a leading independent new &amp; used industrial equipment dealer. Learn more about Fuchs n\u00ba 2 here.","robots":{"index":"index","follow":"follow","max-snippet":"max-snippet:-1","max-image-preview":"max-image-preview:large","max-video-preview":"max-video-preview:-1"},"canonical":"https:\/\/www.powerscreentx.com\/es\/marcas\/fuchs-no-2\/","og_locale":"es_ES","og_type":"article","og_title":"Fuchs n\u00ba 2 - Powerscreen Texas","og_description":"We are a leading independent new &amp; used industrial equipment dealer. Learn more about Fuchs n\u00ba 2 here.","og_url":"https:\/\/www.powerscreentx.com\/es\/marcas\/fuchs-no-2\/","og_site_name":"Powerscreen Texas","article_modified_time":"2025-01-09T10:16:53+00:00","twitter_card":"summary_large_image","schema":{"@context":"https:\/\/schema.org","@graph":[{"@type":"WebPage","@id":"https:\/\/www.powerscreentx.com\/es\/marcas\/fuchs-no-2\/","url":"https:\/\/www.powerscreentx.com\/es\/marcas\/fuchs-no-2\/","name":"Fuchs n\u00ba 2 - Powerscreen Texas","isPartOf":{"@id":"https:\/\/www.powerscreentx.com\/es\/#website"},"datePublished":"2023-02-28T02:23:38+00:00","dateModified":"2025-01-09T10:16:53+00:00","description":"We are a leading independent new &amp; used industrial equipment dealer. Learn more about Fuchs n\u00ba 2 here.","breadcrumb":{"@id":"https:\/\/www.powerscreentx.com\/es\/marcas\/fuchs-no-2\/#breadcrumb"},"inLanguage":"es","potentialAction":[{"@type":"ReadAction","target":["https:\/\/www.powerscreentx.com\/es\/marcas\/fuchs-no-2\/"]}]},{"@type":"BreadcrumbList","@id":"https:\/\/www.powerscreentx.com\/es\/marcas\/fuchs-no-2\/#breadcrumb","itemListElement":[{"@type":"ListItem","position":1,"name":"Hogar","item":"https:\/\/www.powerscreentx.com\/es\/"},{"@type":"ListItem","position":2,"name":"Marcas","item":"https:\/\/www.powerscreentx.com\/es\/marcas\/"},{"@type":"ListItem","position":3,"name":"Fuchs n\u00ba 2"}]},{"@type":"WebSite","@id":"https:\/\/www.powerscreentx.com\/es\/#website","url":"https:\/\/www.powerscreentx.com\/es\/","name":"Powerscreen Texas","description":"","publisher":{"@id":"https:\/\/www.powerscreentx.com\/es\/#organization"},"potentialAction":[{"@type":"SearchAction","target":{"@type":"EntryPoint","urlTemplate":"https:\/\/www.powerscreentx.com\/es\/?s={search_term_string}"},"query-input":{"@type":"PropertyValueSpecification","valueRequired":true,"valueName":"search_term_string"}}],"inLanguage":"es"},{"@type":"Organization","@id":"https:\/\/www.powerscreentx.com\/es\/#organization","name":"Powerscreen Texas","url":"https:\/\/www.powerscreentx.com\/es\/","logo":{"@type":"ImageObject","inLanguage":"es","@id":"https:\/\/www.powerscreentx.com\/es\/#\/schema\/logo\/image\/","url":"","contentUrl":"","caption":"Powerscreen Texas"},"image":{"@id":"https:\/\/www.powerscreentx.com\/es\/#\/schema\/logo\/image\/"}}]}},"_links":{"self":[{"href":"https:\/\/www.powerscreentx.com\/es\/wp-json\/wp\/v2\/pages\/62377","targetHints":{"allow":["GET"]}}],"collection":[{"href":"https:\/\/www.powerscreentx.com\/es\/wp-json\/wp\/v2\/pages"}],"about":[{"href":"https:\/\/www.powerscreentx.com\/es\/wp-json\/wp\/v2\/types\/page"}],"author":[{"embeddable":true,"href":"https:\/\/www.powerscreentx.com\/es\/wp-json\/wp\/v2\/users\/6"}],"replies":[{"embeddable":true,"href":"https:\/\/www.powerscreentx.com\/es\/wp-json\/wp\/v2\/comments?post=62377"}],"version-history":[{"count":1,"href":"https:\/\/www.powerscreentx.com\/es\/wp-json\/wp\/v2\/pages\/62377\/revisions"}],"predecessor-version":[{"id":62380,"href":"https:\/\/www.powerscreentx.com\/es\/wp-json\/wp\/v2\/pages\/62377\/revisions\/62380"}],"up":[{"embeddable":true,"href":"https:\/\/www.powerscreentx.com\/es\/wp-json\/wp\/v2\/pages\/62606"}],"wp:attachment":[{"href":"https:\/\/www.powerscreentx.com\/es\/wp-json\/wp\/v2\/media?parent=62377"}],"curies":[{"name":"wp","href":"https:\/\/api.w.org\/{rel}","templated":true}]}}